{"id":3156,"date":"2019-10-31T16:02:53","date_gmt":"2019-10-31T15:02:53","guid":{"rendered":"https:\/\/www.hotelninfa.com\/nouvelles-2\/"},"modified":"2023-08-02T09:21:30","modified_gmt":"2023-08-02T07:21:30","slug":"nouvelles","status":"publish","type":"page","link":"https:\/\/www.hotelninfa.com\/fr\/nouvelles\/","title":{"rendered":"News"},"content":{"rendered":"\t\t<div data-elementor-type=\"wp-page\" data-elementor-id=\"3156\" class=\"elementor elementor-3156 elementor-3083\">\n\t\t\t\t\t\t<section class=\"elementor-section elementor-top-section elementor-element elementor-element-1175a78 news-head elementor-section-boxed elementor-section-height-default elementor-section-height-default\" data-id=\"1175a78\" data-element_type=\"section\" data-e-type=\"section\">\n\t\t\t\t\t\t<div class=\"elementor-container elementor-column-gap-default\">\n\t\t\t\t\t<div class=\"elementor-column elementor-col-100 elementor-top-column elementor-element elementor-element-c8b0741\" data-id=\"c8b0741\" data-element_type=\"column\" data-e-type=\"column\">\n\t\t\t<div class=\"elementor-widget-wrap elementor-element-populated\">\n\t\t\t\t\t\t<div class=\"elementor-element elementor-element-7a57bc4 elementor-widget elementor-widget-text-editor\" data-id=\"7a57bc4\" data-element_type=\"widget\" data-e-type=\"widget\" data-widget_type=\"text-editor.default\">\n\t\t\t\t<div class=\"elementor-widget-container\">\n\t\t\t\t\t\t\t\t\t<h2 class=\"color-text-red font-size-42\">News<\/h2>\n\t\t\t\t\t\t\t\t<\/div>\n\t\t\t\t<\/div>\n\t\t\t\t<div class=\"elementor-element elementor-element-b0d36a4 elementor-widget-divider--view-line elementor-widget elementor-widget-divider\" data-id=\"b0d36a4\" data-element_type=\"widget\" data-e-type=\"widget\" data-widget_type=\"divider.default\">\n\t\t\t\t<div class=\"elementor-widget-container\">\n\t\t\t\t\t\t\t<div class=\"elementor-divider\">\n\t\t\t<span class=\"elementor-divider-separator\">\n\t\t\t\t\t\t<\/span>\n\t\t<\/div>\n\t\t\t\t\t\t<\/div>\n\t\t\t\t<\/div>\n\t\t\t\t<div class=\"elementor-element elementor-element-70197cc custom-text-width elementor-widget elementor-widget-text-editor\" data-id=\"70197cc\" data-element_type=\"widget\" data-e-type=\"widget\" data-widget_type=\"text-editor.default\">\n\t\t\t\t<div class=\"elementor-widget-container\">\n\t\t\t\t\t\t\t\t\t<p>Avec cette section tu te tiens au courant des derniers evenemts du territoir.<\/p>\n\t\t\t\t\t\t\t\t<\/div>\n\t\t\t\t<\/div>\n\t\t\t\t\t<\/div>\n\t\t<\/div>\n\t\t\t\t\t<\/div>\n\t\t<\/section>\n\t\t\t\t<section class=\"elementor-section elementor-top-section elementor-element elementor-element-6d2062c elementor-section-boxed elementor-section-height-default elementor-section-height-default\" data-id=\"6d2062c\" data-element_type=\"section\" data-e-type=\"section\">\n\t\t\t\t\t\t<div class=\"elementor-container elementor-column-gap-default\">\n\t\t\t\t\t<div class=\"elementor-column elementor-col-100 elementor-top-column elementor-element elementor-element-1340ea3\" data-id=\"1340ea3\" data-element_type=\"column\" data-e-type=\"column\">\n\t\t\t<div class=\"elementor-widget-wrap elementor-element-populated\">\n\t\t\t\t\t\t<div class=\"elementor-element elementor-element-e66b8b3 elementor-widget elementor-widget-themo-blog\" data-id=\"e66b8b3\" data-element_type=\"widget\" data-e-type=\"widget\" data-widget_type=\"themo-blog.default\">\n\t\t\t\t<div class=\"elementor-widget-container\">\n\t\t\t\t\t\n                                <section class=\"th-masonry-blog th-blog-3-col\">\n\n                        <div class=\"mas-blog row\">\n                            <div class=\"mas-blog-post-sizer col-sm-6 col-md-4\"><\/div>\n                                                                                            <div class=\"mas-blog-post col-sm-6 col-md-4 post-3631 post type-post status-publish format-standard has-post-thumbnail hentry category-mostre-fr category-news-fr\">\n                                                <a href=\"https:\/\/www.hotelninfa.com\/fr\/news-fr\/mostre-fr\/hokusai-hiroshige-hasui-larte-giapponese-a-torino\/\">\n            <img fetchpriority=\"high\" decoding=\"async\" width=\"394\" height=\"206\" src=\"https:\/\/www.hotelninfa.com\/wp-content\/uploads\/2019\/11\/20191111_HN_Hokusai-394x206.jpg\" class=\"img-responsive wp-post-image\" alt=\"Hotel ninfa hokusai\" srcset=\"https:\/\/www.hotelninfa.com\/wp-content\/uploads\/2019\/11\/20191111_HN_Hokusai-394x206.jpg 394w, https:\/\/www.hotelninfa.com\/wp-content\/uploads\/2019\/11\/20191111_HN_Hokusai-600x314.jpg 600w, https:\/\/www.hotelninfa.com\/wp-content\/uploads\/2019\/11\/20191111_HN_Hokusai-300x157.jpg 300w, https:\/\/www.hotelninfa.com\/wp-content\/uploads\/2019\/11\/20191111_HN_Hokusai-768x402.jpg 768w, https:\/\/www.hotelninfa.com\/wp-content\/uploads\/2019\/11\/20191111_HN_Hokusai-1024x536.jpg 1024w, https:\/\/www.hotelninfa.com\/wp-content\/uploads\/2019\/11\/20191111_HN_Hokusai-67x35.jpg 67w, https:\/\/www.hotelninfa.com\/wp-content\/uploads\/2019\/11\/20191111_HN_Hokusai-153x80.jpg 153w, https:\/\/www.hotelninfa.com\/wp-content\/uploads\/2019\/11\/20191111_HN_Hokusai-915x479.jpg 915w, https:\/\/www.hotelninfa.com\/wp-content\/uploads\/2019\/11\/20191111_HN_Hokusai.jpg 1200w\" sizes=\"(max-width: 394px) 100vw, 394px\" \/>        <\/a>\n    \n<div class=\"post-inner\">\n    <h3 class=\"post-title\"><a href=\"https:\/\/www.hotelninfa.com\/fr\/news-fr\/mostre-fr\/hokusai-hiroshige-hasui-larte-giapponese-a-torino\/\">Hokusai Hiroshige Hasui: l&rsquo;art japonais \u00e0 Turin<\/a><\/h3>\n\n    <div class=\"post-meta\">\n    <a href=\"https:\/\/www.hotelninfa.com\/fr\/category\/news-fr\/mostre-fr\/\" rel=\"category tag\">Mostre<\/a>&nbsp;<a href=\"https:\/\/www.hotelninfa.com\/fr\/category\/news-fr\/\" rel=\"category tag\">News<\/a><\/div>\n\n            <div class=\"entry-content post-excerpt\">\n            <p>\n                Du 19 octobre 2019 au 16 f\u00e9vrier 2020, Turin accueillera la grande exposition \u00abHokusai Hiroshige Hasui. Un voyage dans un &hellip; <a href=\"https:\/\/www.hotelninfa.com\/fr\/news-fr\/mostre-fr\/hokusai-hiroshige-hasui-larte-giapponese-a-torino\/\">Lire la suite<\/a>            <\/p>\n        <\/div>\n            <div class=\"date-meta\">\n    <span class=\"thmv-author\">\n    <i class=\"xs-icon fa fa-calendar-o\"><\/i>\n    <!--div class=\"post-meta\"-->\n        <span class=\"themo-mas-date-meta show-author\"><a href=\"https:\/\/www.hotelninfa.com\/fr\/author\/hotelninfa\/\" title=\"Articles par hotelninfa\" rel=\"author\">hotelninfa<\/a><\/span>\n    <\/span>\n    \n        <time class=\"themo-mas-date-meta published thmv-date\" datetime=\"2019-11-11T17:38:05+01:00\">11 novembre 2019<\/time>\n                    <span class=\"themo-mas-date-meta show-comments\"><\/span>\n            <!--\/div-->\n    <span class=\"is-sticky\">Featured Post<\/span>\n<\/div><\/div>\n                                <\/div>\n\n                                                                                            <div class=\"mas-blog-post col-sm-6 col-md-4 post-3616 post type-post status-publish format-standard has-post-thumbnail hentry category-news-fr\">\n                                                <a href=\"https:\/\/www.hotelninfa.com\/fr\/news-fr\/alla-scoperta-di-luci-dartista\/\">\n            <img decoding=\"async\" width=\"394\" height=\"206\" src=\"https:\/\/www.hotelninfa.com\/wp-content\/uploads\/2019\/09\/20191108_HN_LuciArtista-394x206.jpg\" class=\"img-responsive wp-post-image\" alt=\"\" srcset=\"https:\/\/www.hotelninfa.com\/wp-content\/uploads\/2019\/09\/20191108_HN_LuciArtista-394x206.jpg 394w, https:\/\/www.hotelninfa.com\/wp-content\/uploads\/2019\/09\/20191108_HN_LuciArtista-600x314.jpg 600w, https:\/\/www.hotelninfa.com\/wp-content\/uploads\/2019\/09\/20191108_HN_LuciArtista-300x157.jpg 300w, https:\/\/www.hotelninfa.com\/wp-content\/uploads\/2019\/09\/20191108_HN_LuciArtista-768x402.jpg 768w, https:\/\/www.hotelninfa.com\/wp-content\/uploads\/2019\/09\/20191108_HN_LuciArtista-1024x536.jpg 1024w, https:\/\/www.hotelninfa.com\/wp-content\/uploads\/2019\/09\/20191108_HN_LuciArtista-67x35.jpg 67w, https:\/\/www.hotelninfa.com\/wp-content\/uploads\/2019\/09\/20191108_HN_LuciArtista-153x80.jpg 153w, https:\/\/www.hotelninfa.com\/wp-content\/uploads\/2019\/09\/20191108_HN_LuciArtista-915x479.jpg 915w, https:\/\/www.hotelninfa.com\/wp-content\/uploads\/2019\/09\/20191108_HN_LuciArtista.jpg 1200w\" sizes=\"(max-width: 394px) 100vw, 394px\" \/>        <\/a>\n    \n<div class=\"post-inner\">\n    <h3 class=\"post-title\"><a href=\"https:\/\/www.hotelninfa.com\/fr\/news-fr\/alla-scoperta-di-luci-dartista\/\">\u00c0 la d\u00e9couverte de Luci d\u2019Artista<\/a><\/h3>\n\n    <div class=\"post-meta\">\n    <a href=\"https:\/\/www.hotelninfa.com\/fr\/category\/news-fr\/\" rel=\"category tag\">News<\/a><\/div>\n\n            <div class=\"entry-content post-excerpt\">\n            <p>\n                Du 29 octobre 2019 au 12 janvier 2020, retour \u00e0 Turin pour la 22\u00e8me \u00e9dition de \u00ab\u00a0Luci d&rsquo;Artista\u00a0\u00bb , l&rsquo;\u00e9v\u00e9nement &hellip; <a href=\"https:\/\/www.hotelninfa.com\/fr\/news-fr\/alla-scoperta-di-luci-dartista\/\">Lire la suite<\/a>            <\/p>\n        <\/div>\n            <div class=\"date-meta\">\n    <span class=\"thmv-author\">\n    <i class=\"xs-icon fa fa-calendar-o\"><\/i>\n    <!--div class=\"post-meta\"-->\n        <span class=\"themo-mas-date-meta show-author\"><a href=\"https:\/\/www.hotelninfa.com\/fr\/author\/hotelninfa\/\" title=\"Articles par hotelninfa\" rel=\"author\">hotelninfa<\/a><\/span>\n    <\/span>\n    \n        <time class=\"themo-mas-date-meta published thmv-date\" datetime=\"2019-11-11T17:29:49+01:00\">11 novembre 2019<\/time>\n                    <span class=\"themo-mas-date-meta show-comments\"><\/span>\n            <!--\/div-->\n    <span class=\"is-sticky\">Featured Post<\/span>\n<\/div><\/div>\n                                <\/div>\n\n                                                                                            <div class=\"mas-blog-post col-sm-6 col-md-4 post-3614 post type-post status-publish format-standard has-post-thumbnail hentry category-news-fr\">\n                                                <a href=\"https:\/\/www.hotelninfa.com\/fr\/news-fr\/i-magici-mercatini-di-natale-della-val-di-susa\/\">\n            <img decoding=\"async\" width=\"394\" height=\"206\" src=\"https:\/\/www.hotelninfa.com\/wp-content\/uploads\/2019\/10\/20191108_HN_Mercatini-394x206.jpg\" class=\"img-responsive wp-post-image\" alt=\"\" srcset=\"https:\/\/www.hotelninfa.com\/wp-content\/uploads\/2019\/10\/20191108_HN_Mercatini-394x206.jpg 394w, https:\/\/www.hotelninfa.com\/wp-content\/uploads\/2019\/10\/20191108_HN_Mercatini-600x314.jpg 600w, https:\/\/www.hotelninfa.com\/wp-content\/uploads\/2019\/10\/20191108_HN_Mercatini-300x157.jpg 300w, https:\/\/www.hotelninfa.com\/wp-content\/uploads\/2019\/10\/20191108_HN_Mercatini-768x402.jpg 768w, https:\/\/www.hotelninfa.com\/wp-content\/uploads\/2019\/10\/20191108_HN_Mercatini-1024x536.jpg 1024w, https:\/\/www.hotelninfa.com\/wp-content\/uploads\/2019\/10\/20191108_HN_Mercatini-67x35.jpg 67w, https:\/\/www.hotelninfa.com\/wp-content\/uploads\/2019\/10\/20191108_HN_Mercatini-153x80.jpg 153w, https:\/\/www.hotelninfa.com\/wp-content\/uploads\/2019\/10\/20191108_HN_Mercatini-915x479.jpg 915w, https:\/\/www.hotelninfa.com\/wp-content\/uploads\/2019\/10\/20191108_HN_Mercatini.jpg 1200w\" sizes=\"(max-width: 394px) 100vw, 394px\" \/>        <\/a>\n    \n<div class=\"post-inner\">\n    <h3 class=\"post-title\"><a href=\"https:\/\/www.hotelninfa.com\/fr\/news-fr\/i-magici-mercatini-di-natale-della-val-di-susa\/\">Les march\u00e9s de No\u00ebl magiques du Val di Susa<\/a><\/h3>\n\n    <div class=\"post-meta\">\n    <a href=\"https:\/\/www.hotelninfa.com\/fr\/category\/news-fr\/\" rel=\"category tag\">News<\/a><\/div>\n\n            <div class=\"entry-content post-excerpt\">\n            <p>\n                La ville de Suse est anim\u00e9e par de nombreux \u00e9v\u00e9nements au cours du mois de D\u00e9cembre et, surtout, pendant la &hellip; <a href=\"https:\/\/www.hotelninfa.com\/fr\/news-fr\/i-magici-mercatini-di-natale-della-val-di-susa\/\">Lire la suite<\/a>            <\/p>\n        <\/div>\n            <div class=\"date-meta\">\n    <span class=\"thmv-author\">\n    <i class=\"xs-icon fa fa-calendar-o\"><\/i>\n    <!--div class=\"post-meta\"-->\n        <span class=\"themo-mas-date-meta show-author\"><a href=\"https:\/\/www.hotelninfa.com\/fr\/author\/mael\/\" title=\"Articles par mael\" rel=\"author\">mael<\/a><\/span>\n    <\/span>\n    \n        <time class=\"themo-mas-date-meta published thmv-date\" datetime=\"2019-11-11T17:26:59+01:00\">11 novembre 2019<\/time>\n                    <span class=\"themo-mas-date-meta show-comments\"><\/span>\n            <!--\/div-->\n    <span class=\"is-sticky\">Featured Post<\/span>\n<\/div><\/div>\n                                <\/div>\n\n                            \n                        <\/div>\n                                            <\/section>\n\n                    \t\t\t\t<\/div>\n\t\t\t\t<\/div>\n\t\t\t\t\t<\/div>\n\t\t<\/div>\n\t\t\t\t\t<\/div>\n\t\t<\/section>\n\t\t\t\t<\/div>\n\t\t","protected":false},"excerpt":{"rendered":"<p>News Avec cette section tu te tiens au courant des derniers evenemts du territoir. Hokusai Hiroshige Hasui: l\u2019arte giapponese a &hellip; <a href=\"https:\/\/www.hotelninfa.com\/fr\/news-fr\/i-magici-mercatini-di-natale-della-val-di-susa\/\">Lire la suite<\/a><\/p>\n","protected":false},"author":9,"featured_media":0,"parent":0,"menu_order":0,"comment_status":"closed","ping_status":"closed","template":"","meta":{"footnotes":""},"class_list":["post-3156","page","type-page","status-publish","hentry"],"yoast_head":"<!-- This site is optimized with the Yoast SEO plugin v27.4 - https:\/\/yoast.com\/product\/yoast-seo-wordpress\/ -->\n<title>Hotel Val di Susa: restez \u00e0 jour avec nos nouvelles | Ninfa H\u00f4tel<\/title>\n<meta name=\"description\" content=\"Restez \u00e0 jour et ne manquez aucune nouvelle de notre h\u00f4tel \u00e0 Val di Susa gr\u00e2ce \u00e0 la section consacr\u00e9e aux actualit\u00e9s et aux nouveaux \u00e9v\u00e9nements.\" \/>\n<meta name=\"robots\" content=\"index, follow, max-snippet:-1, max-image-preview:large, max-video-preview:-1\" \/>\n<link rel=\"canonical\" href=\"https:\/\/www.hotelninfa.com\/fr\/nouvelles\/\" \/>\n<meta property=\"og:locale\" content=\"fr_FR\" \/>\n<meta property=\"og:type\" content=\"article\" \/>\n<meta property=\"og:title\" content=\"Hotel Val di Susa: restez \u00e0 jour avec nos nouvelles | Ninfa H\u00f4tel\" \/>\n<meta property=\"og:description\" content=\"Restez \u00e0 jour et ne manquez aucune nouvelle de notre h\u00f4tel \u00e0 Val di Susa gr\u00e2ce \u00e0 la section consacr\u00e9e aux actualit\u00e9s et aux nouveaux \u00e9v\u00e9nements.\" \/>\n<meta property=\"og:url\" content=\"https:\/\/www.hotelninfa.com\/fr\/nouvelles\/\" \/>\n<meta property=\"og:site_name\" content=\"Green hotel Ninfa\" \/>\n<meta property=\"article:modified_time\" content=\"2023-08-02T07:21:30+00:00\" \/>\n<meta property=\"og:image\" content=\"https:\/\/www.hotelninfa.com\/wp-content\/uploads\/2019\/11\/20191111_HN_Hokusai-394x206.jpg\" \/>\n<meta name=\"twitter:card\" content=\"summary_large_image\" \/>\n<meta name=\"twitter:label1\" content=\"Dur\u00e9e de lecture estim\u00e9e\" \/>\n\t<meta name=\"twitter:data1\" content=\"2 minutes\" \/>\n<script type=\"application\/ld+json\" class=\"yoast-schema-graph\">{\"@context\":\"https:\\\/\\\/schema.org\",\"@graph\":[{\"@type\":\"WebPage\",\"@id\":\"https:\\\/\\\/www.hotelninfa.com\\\/fr\\\/nouvelles\\\/\",\"url\":\"https:\\\/\\\/www.hotelninfa.com\\\/fr\\\/nouvelles\\\/\",\"name\":\"Hotel Val di Susa: restez \u00e0 jour avec nos nouvelles | Ninfa H\u00f4tel\",\"isPartOf\":{\"@id\":\"https:\\\/\\\/www.hotelninfa.com\\\/fr\\\/#website\"},\"primaryImageOfPage\":{\"@id\":\"https:\\\/\\\/www.hotelninfa.com\\\/fr\\\/nouvelles\\\/#primaryimage\"},\"image\":{\"@id\":\"https:\\\/\\\/www.hotelninfa.com\\\/fr\\\/nouvelles\\\/#primaryimage\"},\"thumbnailUrl\":\"https:\\\/\\\/www.hotelninfa.com\\\/wp-content\\\/uploads\\\/2019\\\/11\\\/20191111_HN_Hokusai-394x206.jpg\",\"datePublished\":\"2019-10-31T15:02:53+00:00\",\"dateModified\":\"2023-08-02T07:21:30+00:00\",\"description\":\"Restez \u00e0 jour et ne manquez aucune nouvelle de notre h\u00f4tel \u00e0 Val di Susa gr\u00e2ce \u00e0 la section consacr\u00e9e aux actualit\u00e9s et aux nouveaux \u00e9v\u00e9nements.\",\"breadcrumb\":{\"@id\":\"https:\\\/\\\/www.hotelninfa.com\\\/fr\\\/nouvelles\\\/#breadcrumb\"},\"inLanguage\":\"fr-FR\",\"potentialAction\":[{\"@type\":\"ReadAction\",\"target\":[\"https:\\\/\\\/www.hotelninfa.com\\\/fr\\\/nouvelles\\\/\"]}]},{\"@type\":\"ImageObject\",\"inLanguage\":\"fr-FR\",\"@id\":\"https:\\\/\\\/www.hotelninfa.com\\\/fr\\\/nouvelles\\\/#primaryimage\",\"url\":\"https:\\\/\\\/www.hotelninfa.com\\\/wp-content\\\/uploads\\\/2019\\\/11\\\/20191111_HN_Hokusai-394x206.jpg\",\"contentUrl\":\"https:\\\/\\\/www.hotelninfa.com\\\/wp-content\\\/uploads\\\/2019\\\/11\\\/20191111_HN_Hokusai-394x206.jpg\"},{\"@type\":\"BreadcrumbList\",\"@id\":\"https:\\\/\\\/www.hotelninfa.com\\\/fr\\\/nouvelles\\\/#breadcrumb\",\"itemListElement\":[{\"@type\":\"ListItem\",\"position\":1,\"name\":\"Home\",\"item\":\"https:\\\/\\\/www.hotelninfa.com\\\/fr\\\/\"},{\"@type\":\"ListItem\",\"position\":2,\"name\":\"News\"}]},{\"@type\":\"WebSite\",\"@id\":\"https:\\\/\\\/www.hotelninfa.com\\\/fr\\\/#website\",\"url\":\"https:\\\/\\\/www.hotelninfa.com\\\/fr\\\/\",\"name\":\"Green hotel Ninfa\",\"description\":\"\",\"publisher\":{\"@id\":\"https:\\\/\\\/www.hotelninfa.com\\\/fr\\\/#organization\"},\"potentialAction\":[{\"@type\":\"SearchAction\",\"target\":{\"@type\":\"EntryPoint\",\"urlTemplate\":\"https:\\\/\\\/www.hotelninfa.com\\\/fr\\\/?s={search_term_string}\"},\"query-input\":{\"@type\":\"PropertyValueSpecification\",\"valueRequired\":true,\"valueName\":\"search_term_string\"}}],\"inLanguage\":\"fr-FR\"},{\"@type\":\"Organization\",\"@id\":\"https:\\\/\\\/www.hotelninfa.com\\\/fr\\\/#organization\",\"name\":\"Green hotel Ninfa\",\"url\":\"https:\\\/\\\/www.hotelninfa.com\\\/fr\\\/\",\"logo\":{\"@type\":\"ImageObject\",\"inLanguage\":\"fr-FR\",\"@id\":\"https:\\\/\\\/www.hotelninfa.com\\\/fr\\\/#\\\/schema\\\/logo\\\/image\\\/\",\"url\":\"https:\\\/\\\/www.hotelninfa.com\\\/wp-content\\\/uploads\\\/2019\\\/11\\\/HotelNinfa_slider7.jpg\",\"contentUrl\":\"https:\\\/\\\/www.hotelninfa.com\\\/wp-content\\\/uploads\\\/2019\\\/11\\\/HotelNinfa_slider7.jpg\",\"width\":320,\"height\":247,\"caption\":\"Green hotel Ninfa\"},\"image\":{\"@id\":\"https:\\\/\\\/www.hotelninfa.com\\\/fr\\\/#\\\/schema\\\/logo\\\/image\\\/\"}}]}<\/script>\n<!-- \/ Yoast SEO plugin. -->","yoast_head_json":{"title":"Hotel Val di Susa: restez \u00e0 jour avec nos nouvelles | Ninfa H\u00f4tel","description":"Restez \u00e0 jour et ne manquez aucune nouvelle de notre h\u00f4tel \u00e0 Val di Susa gr\u00e2ce \u00e0 la section consacr\u00e9e aux actualit\u00e9s et aux nouveaux \u00e9v\u00e9nements.","robots":{"index":"index","follow":"follow","max-snippet":"max-snippet:-1","max-image-preview":"max-image-preview:large","max-video-preview":"max-video-preview:-1"},"canonical":"https:\/\/www.hotelninfa.com\/fr\/nouvelles\/","og_locale":"fr_FR","og_type":"article","og_title":"Hotel Val di Susa: restez \u00e0 jour avec nos nouvelles | Ninfa H\u00f4tel","og_description":"Restez \u00e0 jour et ne manquez aucune nouvelle de notre h\u00f4tel \u00e0 Val di Susa gr\u00e2ce \u00e0 la section consacr\u00e9e aux actualit\u00e9s et aux nouveaux \u00e9v\u00e9nements.","og_url":"https:\/\/www.hotelninfa.com\/fr\/nouvelles\/","og_site_name":"Green hotel Ninfa","article_modified_time":"2023-08-02T07:21:30+00:00","og_image":[{"url":"https:\/\/www.hotelninfa.com\/wp-content\/uploads\/2019\/11\/20191111_HN_Hokusai-394x206.jpg","type":"","width":"","height":""}],"twitter_card":"summary_large_image","twitter_misc":{"Dur\u00e9e de lecture estim\u00e9e":"2 minutes"},"schema":{"@context":"https:\/\/schema.org","@graph":[{"@type":"WebPage","@id":"https:\/\/www.hotelninfa.com\/fr\/nouvelles\/","url":"https:\/\/www.hotelninfa.com\/fr\/nouvelles\/","name":"Hotel Val di Susa: restez \u00e0 jour avec nos nouvelles | Ninfa H\u00f4tel","isPartOf":{"@id":"https:\/\/www.hotelninfa.com\/fr\/#website"},"primaryImageOfPage":{"@id":"https:\/\/www.hotelninfa.com\/fr\/nouvelles\/#primaryimage"},"image":{"@id":"https:\/\/www.hotelninfa.com\/fr\/nouvelles\/#primaryimage"},"thumbnailUrl":"https:\/\/www.hotelninfa.com\/wp-content\/uploads\/2019\/11\/20191111_HN_Hokusai-394x206.jpg","datePublished":"2019-10-31T15:02:53+00:00","dateModified":"2023-08-02T07:21:30+00:00","description":"Restez \u00e0 jour et ne manquez aucune nouvelle de notre h\u00f4tel \u00e0 Val di Susa gr\u00e2ce \u00e0 la section consacr\u00e9e aux actualit\u00e9s et aux nouveaux \u00e9v\u00e9nements.","breadcrumb":{"@id":"https:\/\/www.hotelninfa.com\/fr\/nouvelles\/#breadcrumb"},"inLanguage":"fr-FR","potentialAction":[{"@type":"ReadAction","target":["https:\/\/www.hotelninfa.com\/fr\/nouvelles\/"]}]},{"@type":"ImageObject","inLanguage":"fr-FR","@id":"https:\/\/www.hotelninfa.com\/fr\/nouvelles\/#primaryimage","url":"https:\/\/www.hotelninfa.com\/wp-content\/uploads\/2019\/11\/20191111_HN_Hokusai-394x206.jpg","contentUrl":"https:\/\/www.hotelninfa.com\/wp-content\/uploads\/2019\/11\/20191111_HN_Hokusai-394x206.jpg"},{"@type":"BreadcrumbList","@id":"https:\/\/www.hotelninfa.com\/fr\/nouvelles\/#breadcrumb","itemListElement":[{"@type":"ListItem","position":1,"name":"Home","item":"https:\/\/www.hotelninfa.com\/fr\/"},{"@type":"ListItem","position":2,"name":"News"}]},{"@type":"WebSite","@id":"https:\/\/www.hotelninfa.com\/fr\/#website","url":"https:\/\/www.hotelninfa.com\/fr\/","name":"Green hotel Ninfa","description":"","publisher":{"@id":"https:\/\/www.hotelninfa.com\/fr\/#organization"},"potentialAction":[{"@type":"SearchAction","target":{"@type":"EntryPoint","urlTemplate":"https:\/\/www.hotelninfa.com\/fr\/?s={search_term_string}"},"query-input":{"@type":"PropertyValueSpecification","valueRequired":true,"valueName":"search_term_string"}}],"inLanguage":"fr-FR"},{"@type":"Organization","@id":"https:\/\/www.hotelninfa.com\/fr\/#organization","name":"Green hotel Ninfa","url":"https:\/\/www.hotelninfa.com\/fr\/","logo":{"@type":"ImageObject","inLanguage":"fr-FR","@id":"https:\/\/www.hotelninfa.com\/fr\/#\/schema\/logo\/image\/","url":"https:\/\/www.hotelninfa.com\/wp-content\/uploads\/2019\/11\/HotelNinfa_slider7.jpg","contentUrl":"https:\/\/www.hotelninfa.com\/wp-content\/uploads\/2019\/11\/HotelNinfa_slider7.jpg","width":320,"height":247,"caption":"Green hotel Ninfa"},"image":{"@id":"https:\/\/www.hotelninfa.com\/fr\/#\/schema\/logo\/image\/"}}]}},"_links":{"self":[{"href":"https:\/\/www.hotelninfa.com\/fr\/wp-json\/wp\/v2\/pages\/3156","targetHints":{"allow":["GET"]}}],"collection":[{"href":"https:\/\/www.hotelninfa.com\/fr\/wp-json\/wp\/v2\/pages"}],"about":[{"href":"https:\/\/www.hotelninfa.com\/fr\/wp-json\/wp\/v2\/types\/page"}],"author":[{"embeddable":true,"href":"https:\/\/www.hotelninfa.com\/fr\/wp-json\/wp\/v2\/users\/9"}],"replies":[{"embeddable":true,"href":"https:\/\/www.hotelninfa.com\/fr\/wp-json\/wp\/v2\/comments?post=3156"}],"version-history":[{"count":8,"href":"https:\/\/www.hotelninfa.com\/fr\/wp-json\/wp\/v2\/pages\/3156\/revisions"}],"predecessor-version":[{"id":5238,"href":"https:\/\/www.hotelninfa.com\/fr\/wp-json\/wp\/v2\/pages\/3156\/revisions\/5238"}],"wp:attachment":[{"href":"https:\/\/www.hotelninfa.com\/fr\/wp-json\/wp\/v2\/media?parent=3156"}],"curies":[{"name":"wp","href":"https:\/\/api.w.org\/{rel}","templated":true}]}}