{"id":3139,"date":"2019-10-31T15:12:07","date_gmt":"2019-10-31T14:12:07","guid":{"rendered":"https:\/\/www.hotelninfa.com\/confirmation-de-reservation\/echec-de-la-transaction\/"},"modified":"2019-10-31T15:12:07","modified_gmt":"2019-10-31T14:12:07","slug":"echec-de-la-transaction","status":"publish","type":"page","link":"https:\/\/www.hotelninfa.com\/fr\/confirmation-de-reservation\/echec-de-la-transaction\/","title":{"rendered":"\u00c9chec de la transaction"},"content":{"rendered":"<p>Malheureusement, votre transaction ne peut \u00eatre compl\u00e9t\u00e9e pour le moment. Veuillez r\u00e9essayer ou contactez-nous.<\/p>\n","protected":false},"excerpt":{"rendered":"<p>Malheureusement, votre transaction ne peut \u00eatre compl\u00e9t\u00e9e pour le moment. Veuillez r\u00e9essayer ou contactez-nous.<\/p>\n","protected":false},"author":15,"featured_media":0,"parent":3129,"menu_order":0,"comment_status":"closed","ping_status":"closed","template":"","meta":{"footnotes":""},"class_list":["post-3139","page","type-page","status-publish","hentry"],"yoast_head":"<!-- This site is optimized with the Yoast SEO plugin v27.3 - https:\/\/yoast.com\/product\/yoast-seo-wordpress\/ -->\n<title>\u00c9chec de la transaction | Green hotel Ninfa<\/title>\n<meta name=\"robots\" content=\"index, follow, max-snippet:-1, max-image-preview:large, max-video-preview:-1\" \/>\n<link rel=\"canonical\" href=\"https:\/\/www.hotelninfa.com\/fr\/confirmation-de-reservation\/echec-de-la-transaction\/\" \/>\n<meta property=\"og:locale\" content=\"fr_FR\" \/>\n<meta property=\"og:type\" content=\"article\" \/>\n<meta property=\"og:title\" content=\"\u00c9chec de la transaction | Green hotel Ninfa\" \/>\n<meta property=\"og:description\" content=\"Malheureusement, votre transaction ne peut \u00eatre compl\u00e9t\u00e9e pour le moment. Veuillez r\u00e9essayer ou contactez-nous.\" \/>\n<meta property=\"og:url\" content=\"https:\/\/www.hotelninfa.com\/fr\/confirmation-de-reservation\/echec-de-la-transaction\/\" \/>\n<meta property=\"og:site_name\" content=\"Green hotel Ninfa\" \/>\n<meta name=\"twitter:card\" content=\"summary_large_image\" \/>\n<script type=\"application\/ld+json\" class=\"yoast-schema-graph\">{\"@context\":\"https:\\\/\\\/schema.org\",\"@graph\":[{\"@type\":\"WebPage\",\"@id\":\"https:\\\/\\\/www.hotelninfa.com\\\/fr\\\/confirmation-de-reservation\\\/echec-de-la-transaction\\\/\",\"url\":\"https:\\\/\\\/www.hotelninfa.com\\\/fr\\\/confirmation-de-reservation\\\/echec-de-la-transaction\\\/\",\"name\":\"\u00c9chec de la transaction | Green hotel Ninfa\",\"isPartOf\":{\"@id\":\"https:\\\/\\\/www.hotelninfa.com\\\/fr\\\/#website\"},\"datePublished\":\"2019-10-31T14:12:07+00:00\",\"breadcrumb\":{\"@id\":\"https:\\\/\\\/www.hotelninfa.com\\\/fr\\\/confirmation-de-reservation\\\/echec-de-la-transaction\\\/#breadcrumb\"},\"inLanguage\":\"fr-FR\",\"potentialAction\":[{\"@type\":\"ReadAction\",\"target\":[\"https:\\\/\\\/www.hotelninfa.com\\\/fr\\\/confirmation-de-reservation\\\/echec-de-la-transaction\\\/\"]}]},{\"@type\":\"BreadcrumbList\",\"@id\":\"https:\\\/\\\/www.hotelninfa.com\\\/fr\\\/confirmation-de-reservation\\\/echec-de-la-transaction\\\/#breadcrumb\",\"itemListElement\":[{\"@type\":\"ListItem\",\"position\":1,\"name\":\"Home\",\"item\":\"https:\\\/\\\/www.hotelninfa.com\\\/fr\\\/\"},{\"@type\":\"ListItem\",\"position\":2,\"name\":\"Confirmation de r\u00e9servation\",\"item\":\"https:\\\/\\\/www.hotelninfa.com\\\/fr\\\/confirmation-de-reservation\\\/\"},{\"@type\":\"ListItem\",\"position\":3,\"name\":\"\u00c9chec de la transaction\"}]},{\"@type\":\"WebSite\",\"@id\":\"https:\\\/\\\/www.hotelninfa.com\\\/fr\\\/#website\",\"url\":\"https:\\\/\\\/www.hotelninfa.com\\\/fr\\\/\",\"name\":\"Green hotel Ninfa\",\"description\":\"\",\"publisher\":{\"@id\":\"https:\\\/\\\/www.hotelninfa.com\\\/fr\\\/#organization\"},\"potentialAction\":[{\"@type\":\"SearchAction\",\"target\":{\"@type\":\"EntryPoint\",\"urlTemplate\":\"https:\\\/\\\/www.hotelninfa.com\\\/fr\\\/?s={search_term_string}\"},\"query-input\":{\"@type\":\"PropertyValueSpecification\",\"valueRequired\":true,\"valueName\":\"search_term_string\"}}],\"inLanguage\":\"fr-FR\"},{\"@type\":\"Organization\",\"@id\":\"https:\\\/\\\/www.hotelninfa.com\\\/fr\\\/#organization\",\"name\":\"Green hotel Ninfa\",\"url\":\"https:\\\/\\\/www.hotelninfa.com\\\/fr\\\/\",\"logo\":{\"@type\":\"ImageObject\",\"inLanguage\":\"fr-FR\",\"@id\":\"https:\\\/\\\/www.hotelninfa.com\\\/fr\\\/#\\\/schema\\\/logo\\\/image\\\/\",\"url\":\"https:\\\/\\\/www.hotelninfa.com\\\/wp-content\\\/uploads\\\/2019\\\/11\\\/HotelNinfa_slider7.jpg\",\"contentUrl\":\"https:\\\/\\\/www.hotelninfa.com\\\/wp-content\\\/uploads\\\/2019\\\/11\\\/HotelNinfa_slider7.jpg\",\"width\":320,\"height\":247,\"caption\":\"Green hotel Ninfa\"},\"image\":{\"@id\":\"https:\\\/\\\/www.hotelninfa.com\\\/fr\\\/#\\\/schema\\\/logo\\\/image\\\/\"}}]}<\/script>\n<!-- \/ Yoast SEO plugin. -->","yoast_head_json":{"title":"\u00c9chec de la transaction | Green hotel Ninfa","robots":{"index":"index","follow":"follow","max-snippet":"max-snippet:-1","max-image-preview":"max-image-preview:large","max-video-preview":"max-video-preview:-1"},"canonical":"https:\/\/www.hotelninfa.com\/fr\/confirmation-de-reservation\/echec-de-la-transaction\/","og_locale":"fr_FR","og_type":"article","og_title":"\u00c9chec de la transaction | Green hotel Ninfa","og_description":"Malheureusement, votre transaction ne peut \u00eatre compl\u00e9t\u00e9e pour le moment. Veuillez r\u00e9essayer ou contactez-nous.","og_url":"https:\/\/www.hotelninfa.com\/fr\/confirmation-de-reservation\/echec-de-la-transaction\/","og_site_name":"Green hotel Ninfa","twitter_card":"summary_large_image","schema":{"@context":"https:\/\/schema.org","@graph":[{"@type":"WebPage","@id":"https:\/\/www.hotelninfa.com\/fr\/confirmation-de-reservation\/echec-de-la-transaction\/","url":"https:\/\/www.hotelninfa.com\/fr\/confirmation-de-reservation\/echec-de-la-transaction\/","name":"\u00c9chec de la transaction | Green hotel Ninfa","isPartOf":{"@id":"https:\/\/www.hotelninfa.com\/fr\/#website"},"datePublished":"2019-10-31T14:12:07+00:00","breadcrumb":{"@id":"https:\/\/www.hotelninfa.com\/fr\/confirmation-de-reservation\/echec-de-la-transaction\/#breadcrumb"},"inLanguage":"fr-FR","potentialAction":[{"@type":"ReadAction","target":["https:\/\/www.hotelninfa.com\/fr\/confirmation-de-reservation\/echec-de-la-transaction\/"]}]},{"@type":"BreadcrumbList","@id":"https:\/\/www.hotelninfa.com\/fr\/confirmation-de-reservation\/echec-de-la-transaction\/#breadcrumb","itemListElement":[{"@type":"ListItem","position":1,"name":"Home","item":"https:\/\/www.hotelninfa.com\/fr\/"},{"@type":"ListItem","position":2,"name":"Confirmation de r\u00e9servation","item":"https:\/\/www.hotelninfa.com\/fr\/confirmation-de-reservation\/"},{"@type":"ListItem","position":3,"name":"\u00c9chec de la transaction"}]},{"@type":"WebSite","@id":"https:\/\/www.hotelninfa.com\/fr\/#website","url":"https:\/\/www.hotelninfa.com\/fr\/","name":"Green hotel Ninfa","description":"","publisher":{"@id":"https:\/\/www.hotelninfa.com\/fr\/#organization"},"potentialAction":[{"@type":"SearchAction","target":{"@type":"EntryPoint","urlTemplate":"https:\/\/www.hotelninfa.com\/fr\/?s={search_term_string}"},"query-input":{"@type":"PropertyValueSpecification","valueRequired":true,"valueName":"search_term_string"}}],"inLanguage":"fr-FR"},{"@type":"Organization","@id":"https:\/\/www.hotelninfa.com\/fr\/#organization","name":"Green hotel Ninfa","url":"https:\/\/www.hotelninfa.com\/fr\/","logo":{"@type":"ImageObject","inLanguage":"fr-FR","@id":"https:\/\/www.hotelninfa.com\/fr\/#\/schema\/logo\/image\/","url":"https:\/\/www.hotelninfa.com\/wp-content\/uploads\/2019\/11\/HotelNinfa_slider7.jpg","contentUrl":"https:\/\/www.hotelninfa.com\/wp-content\/uploads\/2019\/11\/HotelNinfa_slider7.jpg","width":320,"height":247,"caption":"Green hotel Ninfa"},"image":{"@id":"https:\/\/www.hotelninfa.com\/fr\/#\/schema\/logo\/image\/"}}]}},"_links":{"self":[{"href":"https:\/\/www.hotelninfa.com\/fr\/wp-json\/wp\/v2\/pages\/3139","targetHints":{"allow":["GET"]}}],"collection":[{"href":"https:\/\/www.hotelninfa.com\/fr\/wp-json\/wp\/v2\/pages"}],"about":[{"href":"https:\/\/www.hotelninfa.com\/fr\/wp-json\/wp\/v2\/types\/page"}],"author":[{"embeddable":true,"href":"https:\/\/www.hotelninfa.com\/fr\/wp-json\/wp\/v2\/users\/15"}],"replies":[{"embeddable":true,"href":"https:\/\/www.hotelninfa.com\/fr\/wp-json\/wp\/v2\/comments?post=3139"}],"version-history":[{"count":0,"href":"https:\/\/www.hotelninfa.com\/fr\/wp-json\/wp\/v2\/pages\/3139\/revisions"}],"up":[{"embeddable":true,"href":"https:\/\/www.hotelninfa.com\/fr\/wp-json\/wp\/v2\/pages\/3129"}],"wp:attachment":[{"href":"https:\/\/www.hotelninfa.com\/fr\/wp-json\/wp\/v2\/media?parent=3139"}],"curies":[{"name":"wp","href":"https:\/\/api.w.org\/{rel}","templated":true}]}}