{"id":2962,"date":"2019-10-24T16:46:47","date_gmt":"2019-10-24T14:46:47","guid":{"rendered":"https:\/\/www.hotelninfa.com\/chambres\/"},"modified":"2023-08-02T09:14:48","modified_gmt":"2023-08-02T07:14:48","slug":"chambres","status":"publish","type":"page","link":"https:\/\/www.hotelninfa.com\/fr\/chambres\/","title":{"rendered":"Chambres"},"content":{"rendered":"\t\t<div data-elementor-type=\"wp-post\" data-elementor-id=\"2962\" class=\"elementor elementor-2962 elementor-1866\">\n\t\t\t\t\t\t<section class=\"elementor-section elementor-top-section elementor-element elementor-element-bb6bcfb elementor-section-full_width elementor-section-height-min-height rooms-header elementor-section-height-default elementor-section-items-middle\" data-id=\"bb6bcfb\" data-element_type=\"section\" data-e-type=\"section\" data-settings=\"{&quot;background_background&quot;:&quot;classic&quot;}\">\n\t\t\t\t\t\t\t<div class=\"elementor-background-overlay\"><\/div>\n\t\t\t\t\t\t\t<div class=\"elementor-container elementor-column-gap-default\">\n\t\t\t\t\t<div class=\"elementor-column elementor-col-100 elementor-top-column elementor-element elementor-element-781f003\" data-id=\"781f003\" data-element_type=\"column\" data-e-type=\"column\">\n\t\t\t<div class=\"elementor-widget-wrap elementor-element-populated\">\n\t\t\t\t\t\t<div class=\"elementor-element elementor-element-eec8dc5 elementor-widget elementor-widget-text-editor\" data-id=\"eec8dc5\" data-element_type=\"widget\" data-e-type=\"widget\" data-widget_type=\"text-editor.default\">\n\t\t\t\t<div class=\"elementor-widget-container\">\n\t\t\t\t\t\t\t\t\t<p><br><\/p>\n<h1>NOS CHAMBRES<\/h1>\n<p class=\"custom-width\">Si tu cherches un endroit pour passer un sejour agr\u00e8able en vallee de Susa,nous vous proposons un confort de qualit\u00e8s dans nos chambres et suitesde luxe.<\/p>\t\t\t\t\t\t\t\t<\/div>\n\t\t\t\t<\/div>\n\t\t\t\t\t<\/div>\n\t\t<\/div>\n\t\t\t\t\t<\/div>\n\t\t<\/section>\n\t\t\t\t<section class=\"elementor-section elementor-top-section elementor-element elementor-element-c737dab elementor-section-boxed elementor-section-height-default elementor-section-height-default\" data-id=\"c737dab\" data-element_type=\"section\" data-e-type=\"section\">\n\t\t\t\t\t\t<div class=\"elementor-container elementor-column-gap-default\">\n\t\t\t\t\t<div class=\"elementor-column elementor-col-100 elementor-top-column elementor-element elementor-element-80b78db\" data-id=\"80b78db\" data-element_type=\"column\" data-e-type=\"column\">\n\t\t\t<div class=\"elementor-widget-wrap elementor-element-populated\">\n\t\t\t\t\t\t<div class=\"elementor-element elementor-element-dfea78f rooms-text-intro elementor-widget elementor-widget-text-editor\" data-id=\"dfea78f\" data-element_type=\"widget\" data-e-type=\"widget\" data-widget_type=\"text-editor.default\">\n\t\t\t\t<div class=\"elementor-widget-container\">\n\t\t\t\t\t\t\t\t\t<p style=\"text-align: center;\">Dans Nos chambres et nos suites vous aurez le maximunde comodit\u00e8s poyr dormir a deux pas de Turin et de la vall\u00e8e de susa.<br \/>\nQuelque soit la dur\u00e8e de votre sejoursvous reussirez \u00e0vous sentir comme chez vous.Nous serons a votre dispositionspour predre soin de vous et de vos exigences.<\/p>\n\t\t\t\t\t\t\t\t<\/div>\n\t\t\t\t<\/div>\n\t\t\t\t\t<\/div>\n\t\t<\/div>\n\t\t\t\t\t<\/div>\n\t\t<\/section>\n\t\t\t\t<section class=\"elementor-section elementor-top-section elementor-element elementor-element-2a0e412 elementor-section-boxed elementor-section-height-default elementor-section-height-default\" data-id=\"2a0e412\" data-element_type=\"section\" data-e-type=\"section\">\n\t\t\t\t\t\t<div class=\"elementor-container elementor-column-gap-default\">\n\t\t\t\t\t<div class=\"elementor-column elementor-col-100 elementor-top-column elementor-element elementor-element-8fefb19\" data-id=\"8fefb19\" data-element_type=\"column\" data-e-type=\"column\">\n\t\t\t<div class=\"elementor-widget-wrap elementor-element-populated\">\n\t\t\t\t\t\t<div class=\"elementor-element elementor-element-de4aa3a chiama-ora-red elementor-widget elementor-widget-text-editor\" data-id=\"de4aa3a\" data-element_type=\"widget\" data-e-type=\"widget\" data-widget_type=\"text-editor.default\">\n\t\t\t\t<div class=\"elementor-widget-container\">\n\t\t\t\t\t\t\t\t\t<h6 style=\"text-align: center;\"><strong>Salles de relaxation \u00e0 partir de 35 \u20ac nous appeler pour plus d&rsquo;infos<\/strong><\/h6><p>\u00a0<\/p><p style=\"text-align: center;\"><a class=\"btn-book-red\" href=\"tel:\/\/+390119761611\">APPELEZ MAINTENANT<\/a><\/p>\t\t\t\t\t\t\t\t<\/div>\n\t\t\t\t<\/div>\n\t\t\t\t\t<\/div>\n\t\t<\/div>\n\t\t\t\t\t<\/div>\n\t\t<\/section>\n\t\t\t\t<section class=\"elementor-section elementor-top-section elementor-element elementor-element-bb4066c elementor-section-boxed elementor-section-height-default elementor-section-height-default\" data-id=\"bb4066c\" data-element_type=\"section\" data-e-type=\"section\">\n\t\t\t\t\t\t<div class=\"elementor-container elementor-column-gap-default\">\n\t\t\t\t\t<div class=\"elementor-column elementor-col-100 elementor-top-column elementor-element elementor-element-d41e777\" data-id=\"d41e777\" data-element_type=\"column\" data-e-type=\"column\">\n\t\t\t<div class=\"elementor-widget-wrap elementor-element-populated\">\n\t\t\t\t\t\t<div class=\"elementor-element elementor-element-6b8511d elementor-widget elementor-widget-themo-accommodation-grid\" data-id=\"6b8511d\" data-element_type=\"widget\" data-e-type=\"widget\" data-widget_type=\"themo-accommodation-grid.default\">\n\t\t\t\t<div class=\"elementor-widget-container\">\n\t\t\t\t\t\n                <div id=\"th-portfolio-content-69d622576f3e1\" class=\"th-portfolio\">\n\n            \n            <div id=\"th-portfolio-row\" class=\"th-portfolio-row row portfolio_content  four-columns th-port-gutter\">\n\n                                        <div id=\"post-3500\" class=\"th-portfolio-item item col-md-3 col-sm-6 p-king-whirlpool-tub-suite-fr p-suite-fr-2 post-3500 mphb_room_type type-mphb_room_type status-publish format-standard has-post-thumbnail hentry mphb_room_type_category-king-whirlpool-tub-suite-fr mphb_room_type_category-suite-fr-2 mphb-room-type-adults-2 mphb-room-type-children-0 \">\n\n                                                        <div class=\"th-port-wrap\">\n                                                            <img fetchpriority=\"high\" decoding=\"async\" width=\"605\" height=\"497\" src=\"https:\/\/www.hotelninfa.com\/wp-content\/uploads\/2019\/11\/Suite-idromassaggio-605x497.jpg\" class=\"img-responsive th-port-img wp-post-image\" alt=\"\" \/>                                                                <div class=\"th-port-overlay\"><\/div>\n                                <div class=\"th-port-inner\">\n                                                                        <div class=\"th-port-center\">\n                                        <h3 class=\"th-port-title\">SUITE AVEC IDROMASSAGE MATRIMONIALE EN TERRASSE.<\/h3>\n                                        <p class=\"th-port-sub th-else\">4 lits<\/p>\n                                        <div class=\"th-pricing-cost\"> \u00e0 partir de  \u20ac130<span>\/nuit<\/span><\/div>\n                                                                            <\/div>\n                                    <a href=\"https:\/\/www.hotelninfa.com\/fr\/accommodation\/king-whirlpool-tub-suite\/\" class=\"th-port-link\" ><\/a>                                <\/div>\n                            <\/div>\n                                                    <\/div>\n                                                <div id=\"post-3037\" class=\"th-portfolio-item item col-md-3 col-sm-6 p-suite-fr-2 post-3037 mphb_room_type type-mphb_room_type status-publish format-standard has-post-thumbnail hentry mphb_room_type_category-suite-fr-2 mphb-room-type-adults-2 mphb-room-type-children-0 \">\n\n                                                        <div class=\"th-port-wrap\">\n                                                            <img decoding=\"async\" width=\"605\" height=\"497\" src=\"https:\/\/www.hotelninfa.com\/wp-content\/uploads\/2019\/10\/Suite-605x497.jpg\" class=\"img-responsive th-port-img wp-post-image\" alt=\"\" \/>                                                                <div class=\"th-port-overlay\"><\/div>\n                                <div class=\"th-port-inner\">\n                                                                        <div class=\"th-port-center\">\n                                        <h3 class=\"th-port-title\">Suite<\/h3>\n                                        <p class=\"th-port-sub th-else\">4 lits<\/p>\n                                        <div class=\"th-pricing-cost\">\u00e0 partir de \u20ac130<span>\/nuit<\/span><\/div>\n                                                                            <\/div>\n                                    <a href=\"https:\/\/www.hotelninfa.com\/fr\/accommodation\/suite\/\" class=\"th-port-link\" ><\/a>                                <\/div>\n                            <\/div>\n                                                    <\/div>\n                                                <div id=\"post-3029\" class=\"th-portfolio-item item col-md-3 col-sm-6 p-chambre-superieure-fr post-3029 mphb_room_type type-mphb_room_type status-publish format-standard has-post-thumbnail hentry mphb_room_type_category-chambre-superieure-fr mphb-room-type-adults-2 mphb-room-type-children-0 \">\n\n                                                        <div class=\"th-port-wrap\">\n                                                            <img decoding=\"async\" width=\"605\" height=\"497\" src=\"https:\/\/www.hotelninfa.com\/wp-content\/uploads\/2019\/10\/Superior-605x497.jpg\" class=\"img-responsive th-port-img wp-post-image\" alt=\"\" \/>                                                                <div class=\"th-port-overlay\"><\/div>\n                                <div class=\"th-port-inner\">\n                                                                        <div class=\"th-port-center\">\n                                        <h3 class=\"th-port-title\">Junior Suite<\/h3>\n                                        <p class=\"th-port-sub th-else\">4 lits<\/p>\n                                        <div class=\"th-pricing-cost\">\u20ac100<span>\/nuit<\/span><\/div>\n                                                                            <\/div>\n                                    <a href=\"https:\/\/www.hotelninfa.com\/fr\/accommodation\/chambre-superieure\/\" class=\"th-port-link\" ><\/a>                                <\/div>\n                            <\/div>\n                                                    <\/div>\n                                                <div id=\"post-3023\" class=\"th-portfolio-item item col-md-3 col-sm-6 p-chambre-economique-fr post-3023 mphb_room_type type-mphb_room_type status-publish format-standard has-post-thumbnail hentry mphb_room_type_category-chambre-economique-fr mphb-room-type-adults-2 mphb-room-type-children-0 \">\n\n                                                        <div class=\"th-port-wrap\">\n                                                            <img loading=\"lazy\" decoding=\"async\" width=\"605\" height=\"605\" src=\"https:\/\/www.hotelninfa.com\/wp-content\/uploads\/2019\/10\/Economy-605x605.jpg\" class=\"img-responsive th-port-img wp-post-image\" alt=\"\" \/>                                                                <div class=\"th-port-overlay\"><\/div>\n                                <div class=\"th-port-inner\">\n                                                                        <div class=\"th-port-center\">\n                                        <h3 class=\"th-port-title\">Chambre Standard<\/h3>\n                                        <p class=\"th-port-sub th-else\">4 lits<\/p>\n                                        <div class=\"th-pricing-cost\">\u20ac80<span>\/nuit<\/span><\/div>\n                                                                            <\/div>\n                                    <a href=\"https:\/\/www.hotelninfa.com\/fr\/accommodation\/chambre-economique\/\" class=\"th-port-link\" ><\/a>                                <\/div>\n                            <\/div>\n                                                    <\/div>\n                                                <div id=\"post-3017\" class=\"th-portfolio-item item col-md-3 col-sm-6 p-chambre-standard-fr post-3017 mphb_room_type type-mphb_room_type status-publish format-standard has-post-thumbnail hentry mphb_room_type_category-chambre-standard-fr mphb-room-type-adults-2 mphb-room-type-children-0 \">\n\n                                                        <div class=\"th-port-wrap\">\n                                                            <img loading=\"lazy\" decoding=\"async\" width=\"605\" height=\"605\" src=\"https:\/\/www.hotelninfa.com\/wp-content\/uploads\/2019\/10\/39881934-605x605.jpg\" class=\"img-responsive th-port-img wp-post-image\" alt=\"\" \/>                                                                <div class=\"th-port-overlay\"><\/div>\n                                <div class=\"th-port-inner\">\n                                                                        <div class=\"th-port-center\">\n                                        <h3 class=\"th-port-title\">Chambre Superior<\/h3>\n                                        <p class=\"th-port-sub th-else\">4 lits<\/p>\n                                        <div class=\"th-pricing-cost\">\u20ac90<span>\/nuit<\/span><\/div>\n                                                                            <\/div>\n                                    <a href=\"https:\/\/www.hotelninfa.com\/fr\/accommodation\/chambre-standard\/\" class=\"th-port-link\" ><\/a>                                <\/div>\n                            <\/div>\n                                                    <\/div>\n                                                <div id=\"post-3564\" class=\"th-portfolio-item item col-md-3 col-sm-6 p-booking-fr post-3564 mphb_room_type type-mphb_room_type status-publish format-standard has-post-thumbnail hentry mphb_room_type_category-booking-fr mphb-room-type-adults-1 mphb-room-type-children-0 \">\n\n                                                        <div class=\"th-port-wrap\">\n                                                            <img loading=\"lazy\" decoding=\"async\" width=\"360\" height=\"360\" src=\"https:\/\/www.hotelninfa.com\/wp-content\/uploads\/2019\/10\/prenotazione-1.jpg\" class=\"img-responsive th-port-img wp-post-image\" alt=\"background-prenotazioni\" \/>                                                                <div class=\"th-port-overlay\"><\/div>\n                                <div class=\"th-port-inner\">\n                                                                        <div class=\"th-port-center\">\n                                        <h3 class=\"th-port-title\">Des doutes sur la r\u00e9servation?<\/h3>\n                                        \n                                        \n                                                                                    <span class=\"th-port-btn\">CONTACTEZ-NOUS<\/span>\n                                                                            <\/div>\n                                    <a href=\"https:\/\/www.hotelninfa.com\/fr\/accommodation\/doubts-about-the-booking\/\" class=\"th-port-link\" ><\/a>                                <\/div>\n                            <\/div>\n                                                    <\/div>\n                        \n            <\/div>\n\n        <\/div>\n\n        \t\t\t\t<\/div>\n\t\t\t\t<\/div>\n\t\t\t\t\t<\/div>\n\t\t<\/div>\n\t\t\t\t\t<\/div>\n\t\t<\/section>\n\t\t\t\t<\/div>\n\t\t","protected":false},"excerpt":{"rendered":"<p>NOS CHAMBRES Si tu cherches un endroit pour passer un sejour agr\u00e8able en vallee de Susa,nous vous proposons un confort\u2026<\/p>\n","protected":false},"author":15,"featured_media":0,"parent":0,"menu_order":0,"comment_status":"closed","ping_status":"closed","template":"","meta":{"footnotes":""},"class_list":["post-2962","page","type-page","status-publish","hentry"],"yoast_head":"<!-- This site is optimized with the Yoast SEO plugin v27.3 - https:\/\/yoast.com\/product\/yoast-seo-wordpress\/ -->\n<title>Dormir \u00e0 Val di Susa: chambres et suites de luxe | H\u00f4tel Ninfa<\/title>\n<meta name=\"description\" content=\"Pour dormir dans le Val di Susa, choisissez le confort et l&#039;intimit\u00e9 de nos chambres et suites de luxe et passez des vacances reposantes.\" \/>\n<meta name=\"robots\" content=\"index, follow, max-snippet:-1, max-image-preview:large, max-video-preview:-1\" \/>\n<link rel=\"canonical\" href=\"https:\/\/www.hotelninfa.com\/fr\/chambres\/\" \/>\n<meta property=\"og:locale\" content=\"fr_FR\" \/>\n<meta property=\"og:type\" content=\"article\" \/>\n<meta property=\"og:title\" content=\"Dormir \u00e0 Val di Susa: chambres et suites de luxe | H\u00f4tel Ninfa\" \/>\n<meta property=\"og:description\" content=\"Pour dormir dans le Val di Susa, choisissez le confort et l&#039;intimit\u00e9 de nos chambres et suites de luxe et passez des vacances reposantes.\" \/>\n<meta property=\"og:url\" content=\"https:\/\/www.hotelninfa.com\/fr\/chambres\/\" \/>\n<meta property=\"og:site_name\" content=\"Green hotel Ninfa\" \/>\n<meta property=\"article:modified_time\" content=\"2023-08-02T07:14:48+00:00\" \/>\n<meta property=\"og:image\" content=\"https:\/\/www.hotelninfa.com\/wp-content\/uploads\/2019\/11\/Suite-idromassaggio-605x497.jpg\" \/>\n<meta name=\"twitter:card\" content=\"summary_large_image\" \/>\n<meta name=\"twitter:label1\" content=\"Dur\u00e9e de lecture estim\u00e9e\" \/>\n\t<meta name=\"twitter:data1\" content=\"2 minutes\" \/>\n<script type=\"application\/ld+json\" class=\"yoast-schema-graph\">{\"@context\":\"https:\\\/\\\/schema.org\",\"@graph\":[{\"@type\":\"WebPage\",\"@id\":\"https:\\\/\\\/www.hotelninfa.com\\\/fr\\\/chambres\\\/\",\"url\":\"https:\\\/\\\/www.hotelninfa.com\\\/fr\\\/chambres\\\/\",\"name\":\"Dormir \u00e0 Val di Susa: chambres et suites de luxe | H\u00f4tel Ninfa\",\"isPartOf\":{\"@id\":\"https:\\\/\\\/www.hotelninfa.com\\\/fr\\\/#website\"},\"primaryImageOfPage\":{\"@id\":\"https:\\\/\\\/www.hotelninfa.com\\\/fr\\\/chambres\\\/#primaryimage\"},\"image\":{\"@id\":\"https:\\\/\\\/www.hotelninfa.com\\\/fr\\\/chambres\\\/#primaryimage\"},\"thumbnailUrl\":\"https:\\\/\\\/www.hotelninfa.com\\\/wp-content\\\/uploads\\\/2019\\\/11\\\/Suite-idromassaggio-605x497.jpg\",\"datePublished\":\"2019-10-24T14:46:47+00:00\",\"dateModified\":\"2023-08-02T07:14:48+00:00\",\"description\":\"Pour dormir dans le Val di Susa, choisissez le confort et l'intimit\u00e9 de nos chambres et suites de luxe et passez des vacances reposantes.\",\"breadcrumb\":{\"@id\":\"https:\\\/\\\/www.hotelninfa.com\\\/fr\\\/chambres\\\/#breadcrumb\"},\"inLanguage\":\"fr-FR\",\"potentialAction\":[{\"@type\":\"ReadAction\",\"target\":[\"https:\\\/\\\/www.hotelninfa.com\\\/fr\\\/chambres\\\/\"]}]},{\"@type\":\"ImageObject\",\"inLanguage\":\"fr-FR\",\"@id\":\"https:\\\/\\\/www.hotelninfa.com\\\/fr\\\/chambres\\\/#primaryimage\",\"url\":\"https:\\\/\\\/www.hotelninfa.com\\\/wp-content\\\/uploads\\\/2019\\\/11\\\/Suite-idromassaggio-605x497.jpg\",\"contentUrl\":\"https:\\\/\\\/www.hotelninfa.com\\\/wp-content\\\/uploads\\\/2019\\\/11\\\/Suite-idromassaggio-605x497.jpg\"},{\"@type\":\"BreadcrumbList\",\"@id\":\"https:\\\/\\\/www.hotelninfa.com\\\/fr\\\/chambres\\\/#breadcrumb\",\"itemListElement\":[{\"@type\":\"ListItem\",\"position\":1,\"name\":\"Home\",\"item\":\"https:\\\/\\\/www.hotelninfa.com\\\/fr\\\/\"},{\"@type\":\"ListItem\",\"position\":2,\"name\":\"Chambres\"}]},{\"@type\":\"WebSite\",\"@id\":\"https:\\\/\\\/www.hotelninfa.com\\\/fr\\\/#website\",\"url\":\"https:\\\/\\\/www.hotelninfa.com\\\/fr\\\/\",\"name\":\"Green hotel Ninfa\",\"description\":\"\",\"publisher\":{\"@id\":\"https:\\\/\\\/www.hotelninfa.com\\\/fr\\\/#organization\"},\"potentialAction\":[{\"@type\":\"SearchAction\",\"target\":{\"@type\":\"EntryPoint\",\"urlTemplate\":\"https:\\\/\\\/www.hotelninfa.com\\\/fr\\\/?s={search_term_string}\"},\"query-input\":{\"@type\":\"PropertyValueSpecification\",\"valueRequired\":true,\"valueName\":\"search_term_string\"}}],\"inLanguage\":\"fr-FR\"},{\"@type\":\"Organization\",\"@id\":\"https:\\\/\\\/www.hotelninfa.com\\\/fr\\\/#organization\",\"name\":\"Green hotel Ninfa\",\"url\":\"https:\\\/\\\/www.hotelninfa.com\\\/fr\\\/\",\"logo\":{\"@type\":\"ImageObject\",\"inLanguage\":\"fr-FR\",\"@id\":\"https:\\\/\\\/www.hotelninfa.com\\\/fr\\\/#\\\/schema\\\/logo\\\/image\\\/\",\"url\":\"https:\\\/\\\/www.hotelninfa.com\\\/wp-content\\\/uploads\\\/2019\\\/11\\\/HotelNinfa_slider7.jpg\",\"contentUrl\":\"https:\\\/\\\/www.hotelninfa.com\\\/wp-content\\\/uploads\\\/2019\\\/11\\\/HotelNinfa_slider7.jpg\",\"width\":320,\"height\":247,\"caption\":\"Green hotel Ninfa\"},\"image\":{\"@id\":\"https:\\\/\\\/www.hotelninfa.com\\\/fr\\\/#\\\/schema\\\/logo\\\/image\\\/\"}}]}<\/script>\n<!-- \/ Yoast SEO plugin. -->","yoast_head_json":{"title":"Dormir \u00e0 Val di Susa: chambres et suites de luxe | H\u00f4tel Ninfa","description":"Pour dormir dans le Val di Susa, choisissez le confort et l'intimit\u00e9 de nos chambres et suites de luxe et passez des vacances reposantes.","robots":{"index":"index","follow":"follow","max-snippet":"max-snippet:-1","max-image-preview":"max-image-preview:large","max-video-preview":"max-video-preview:-1"},"canonical":"https:\/\/www.hotelninfa.com\/fr\/chambres\/","og_locale":"fr_FR","og_type":"article","og_title":"Dormir \u00e0 Val di Susa: chambres et suites de luxe | H\u00f4tel Ninfa","og_description":"Pour dormir dans le Val di Susa, choisissez le confort et l'intimit\u00e9 de nos chambres et suites de luxe et passez des vacances reposantes.","og_url":"https:\/\/www.hotelninfa.com\/fr\/chambres\/","og_site_name":"Green hotel Ninfa","article_modified_time":"2023-08-02T07:14:48+00:00","og_image":[{"url":"https:\/\/www.hotelninfa.com\/wp-content\/uploads\/2019\/11\/Suite-idromassaggio-605x497.jpg","type":"","width":"","height":""}],"twitter_card":"summary_large_image","twitter_misc":{"Dur\u00e9e de lecture estim\u00e9e":"2 minutes"},"schema":{"@context":"https:\/\/schema.org","@graph":[{"@type":"WebPage","@id":"https:\/\/www.hotelninfa.com\/fr\/chambres\/","url":"https:\/\/www.hotelninfa.com\/fr\/chambres\/","name":"Dormir \u00e0 Val di Susa: chambres et suites de luxe | H\u00f4tel Ninfa","isPartOf":{"@id":"https:\/\/www.hotelninfa.com\/fr\/#website"},"primaryImageOfPage":{"@id":"https:\/\/www.hotelninfa.com\/fr\/chambres\/#primaryimage"},"image":{"@id":"https:\/\/www.hotelninfa.com\/fr\/chambres\/#primaryimage"},"thumbnailUrl":"https:\/\/www.hotelninfa.com\/wp-content\/uploads\/2019\/11\/Suite-idromassaggio-605x497.jpg","datePublished":"2019-10-24T14:46:47+00:00","dateModified":"2023-08-02T07:14:48+00:00","description":"Pour dormir dans le Val di Susa, choisissez le confort et l'intimit\u00e9 de nos chambres et suites de luxe et passez des vacances reposantes.","breadcrumb":{"@id":"https:\/\/www.hotelninfa.com\/fr\/chambres\/#breadcrumb"},"inLanguage":"fr-FR","potentialAction":[{"@type":"ReadAction","target":["https:\/\/www.hotelninfa.com\/fr\/chambres\/"]}]},{"@type":"ImageObject","inLanguage":"fr-FR","@id":"https:\/\/www.hotelninfa.com\/fr\/chambres\/#primaryimage","url":"https:\/\/www.hotelninfa.com\/wp-content\/uploads\/2019\/11\/Suite-idromassaggio-605x497.jpg","contentUrl":"https:\/\/www.hotelninfa.com\/wp-content\/uploads\/2019\/11\/Suite-idromassaggio-605x497.jpg"},{"@type":"BreadcrumbList","@id":"https:\/\/www.hotelninfa.com\/fr\/chambres\/#breadcrumb","itemListElement":[{"@type":"ListItem","position":1,"name":"Home","item":"https:\/\/www.hotelninfa.com\/fr\/"},{"@type":"ListItem","position":2,"name":"Chambres"}]},{"@type":"WebSite","@id":"https:\/\/www.hotelninfa.com\/fr\/#website","url":"https:\/\/www.hotelninfa.com\/fr\/","name":"Green hotel Ninfa","description":"","publisher":{"@id":"https:\/\/www.hotelninfa.com\/fr\/#organization"},"potentialAction":[{"@type":"SearchAction","target":{"@type":"EntryPoint","urlTemplate":"https:\/\/www.hotelninfa.com\/fr\/?s={search_term_string}"},"query-input":{"@type":"PropertyValueSpecification","valueRequired":true,"valueName":"search_term_string"}}],"inLanguage":"fr-FR"},{"@type":"Organization","@id":"https:\/\/www.hotelninfa.com\/fr\/#organization","name":"Green hotel Ninfa","url":"https:\/\/www.hotelninfa.com\/fr\/","logo":{"@type":"ImageObject","inLanguage":"fr-FR","@id":"https:\/\/www.hotelninfa.com\/fr\/#\/schema\/logo\/image\/","url":"https:\/\/www.hotelninfa.com\/wp-content\/uploads\/2019\/11\/HotelNinfa_slider7.jpg","contentUrl":"https:\/\/www.hotelninfa.com\/wp-content\/uploads\/2019\/11\/HotelNinfa_slider7.jpg","width":320,"height":247,"caption":"Green hotel Ninfa"},"image":{"@id":"https:\/\/www.hotelninfa.com\/fr\/#\/schema\/logo\/image\/"}}]}},"_links":{"self":[{"href":"https:\/\/www.hotelninfa.com\/fr\/wp-json\/wp\/v2\/pages\/2962","targetHints":{"allow":["GET"]}}],"collection":[{"href":"https:\/\/www.hotelninfa.com\/fr\/wp-json\/wp\/v2\/pages"}],"about":[{"href":"https:\/\/www.hotelninfa.com\/fr\/wp-json\/wp\/v2\/types\/page"}],"author":[{"embeddable":true,"href":"https:\/\/www.hotelninfa.com\/fr\/wp-json\/wp\/v2\/users\/15"}],"replies":[{"embeddable":true,"href":"https:\/\/www.hotelninfa.com\/fr\/wp-json\/wp\/v2\/comments?post=2962"}],"version-history":[{"count":23,"href":"https:\/\/www.hotelninfa.com\/fr\/wp-json\/wp\/v2\/pages\/2962\/revisions"}],"predecessor-version":[{"id":5229,"href":"https:\/\/www.hotelninfa.com\/fr\/wp-json\/wp\/v2\/pages\/2962\/revisions\/5229"}],"wp:attachment":[{"href":"https:\/\/www.hotelninfa.com\/fr\/wp-json\/wp\/v2\/media?parent=2962"}],"curies":[{"name":"wp","href":"https:\/\/api.w.org\/{rel}","templated":true}]}}