{"id":2956,"date":"2019-10-24T16:33:27","date_gmt":"2019-10-24T14:33:27","guid":{"rendered":"https:\/\/www.hotelninfa.com\/info-et-contacts\/"},"modified":"2023-08-02T09:25:38","modified_gmt":"2023-08-02T07:25:38","slug":"info-et-contacts","status":"publish","type":"page","link":"https:\/\/www.hotelninfa.com\/fr\/info-et-contacts\/","title":{"rendered":"Info et contacts"},"content":{"rendered":"\t\t<div data-elementor-type=\"wp-post\" data-elementor-id=\"2956\" class=\"elementor elementor-2956 elementor-1872\">\n\t\t\t\t\t\t<section class=\"elementor-section elementor-top-section elementor-element elementor-element-f32e5d1 elementor-section-height-min-height elementor-section-boxed elementor-section-height-default elementor-section-items-middle\" data-id=\"f32e5d1\" data-element_type=\"section\" data-e-type=\"section\" data-settings=\"{&quot;background_background&quot;:&quot;classic&quot;}\">\n\t\t\t\t\t\t<div class=\"elementor-container elementor-column-gap-default\">\n\t\t\t\t\t<div class=\"elementor-column elementor-col-100 elementor-top-column elementor-element elementor-element-9020739\" data-id=\"9020739\" data-element_type=\"column\" data-e-type=\"column\">\n\t\t\t<div class=\"elementor-widget-wrap elementor-element-populated\">\n\t\t\t\t\t\t<div class=\"elementor-element elementor-element-ec11871 elementor-widget elementor-widget-text-editor\" data-id=\"ec11871\" data-element_type=\"widget\" data-e-type=\"widget\" data-widget_type=\"text-editor.default\">\n\t\t\t\t<div class=\"elementor-widget-container\">\n\t\t\t\t\t\t\t\t\t<h2 class=\"color-text-red font-size-42\">INFO ET CONTACT<\/h2>\n\t\t\t\t\t\t\t\t<\/div>\n\t\t\t\t<\/div>\n\t\t\t\t<div class=\"elementor-element elementor-element-8e161de elementor-widget-divider--view-line elementor-widget elementor-widget-divider\" data-id=\"8e161de\" data-element_type=\"widget\" data-e-type=\"widget\" data-widget_type=\"divider.default\">\n\t\t\t\t<div class=\"elementor-widget-container\">\n\t\t\t\t\t\t\t<div class=\"elementor-divider\">\n\t\t\t<span class=\"elementor-divider-separator\">\n\t\t\t\t\t\t<\/span>\n\t\t<\/div>\n\t\t\t\t\t\t<\/div>\n\t\t\t\t<\/div>\n\t\t\t\t<div class=\"elementor-element elementor-element-ab18519 text-max-width-678 elementor-widget elementor-widget-text-editor\" data-id=\"ab18519\" data-element_type=\"widget\" data-e-type=\"widget\" data-widget_type=\"text-editor.default\">\n\t\t\t\t<div class=\"elementor-widget-container\">\n\t\t\t\t\t\t\t\t\t<p>Pour toutes demandes ou resevertions dans notre hotel n&rsquo;hesitez pas a nous contacter.<\/p>\n\t\t\t\t\t\t\t\t<\/div>\n\t\t\t\t<\/div>\n\t\t\t\t\t<\/div>\n\t\t<\/div>\n\t\t\t\t\t<\/div>\n\t\t<\/section>\n\t\t\t\t<section class=\"elementor-section elementor-top-section elementor-element elementor-element-7b0f46d elementor-section-full_width contacts-info elementor-section-height-default elementor-section-height-default\" data-id=\"7b0f46d\" data-element_type=\"section\" data-e-type=\"section\">\n\t\t\t\t\t\t<div class=\"elementor-container elementor-column-gap-default\">\n\t\t\t\t\t<div class=\"elementor-column elementor-col-100 elementor-top-column elementor-element elementor-element-0a23f90\" data-id=\"0a23f90\" data-element_type=\"column\" data-e-type=\"column\">\n\t\t\t<div class=\"elementor-widget-wrap elementor-element-populated\">\n\t\t\t\t\t\t<section class=\"elementor-section elementor-inner-section elementor-element elementor-element-2bff0ab elementor-section-boxed elementor-section-height-default elementor-section-height-default\" data-id=\"2bff0ab\" data-element_type=\"section\" data-e-type=\"section\">\n\t\t\t\t\t\t<div class=\"elementor-container elementor-column-gap-default\">\n\t\t\t\t\t<div class=\"elementor-column elementor-col-50 elementor-inner-column elementor-element elementor-element-d489610\" data-id=\"d489610\" data-element_type=\"column\" data-e-type=\"column\">\n\t\t\t<div class=\"elementor-widget-wrap elementor-element-populated\">\n\t\t\t\t\t\t<div class=\"elementor-element elementor-element-90e860e elementor-widget elementor-widget-text-editor\" data-id=\"90e860e\" data-element_type=\"widget\" data-e-type=\"widget\" data-widget_type=\"text-editor.default\">\n\t\t\t\t<div class=\"elementor-widget-container\">\n\t\t\t\t\t\t\t\t\t<h5 class=\"color-text-red\" style=\"text-transform: none;\">Green hotel Ninfa***<\/h5><p>Viale Gandhi, 9 Avigliana (TO)<br \/>10051 &#8211; Italy<\/p><p>Tel.<a href=\"tel:+390119761611\" target=\"_blank\" rel=\"noopener\">+39 011 9761611<\/a><br \/>Fax.<a href=\"fax:+390119761650\" target=\"_blank\" rel=\"noopener\">+39 011 9761650<\/a><br \/>Email <a href=\"mailto:info@hotelninfa.it\" target=\"_blank\" rel=\"noopener\">info@hotelninfa.it<\/a><\/p>\t\t\t\t\t\t\t\t<\/div>\n\t\t\t\t<\/div>\n\t\t\t\t<div class=\"elementor-element elementor-element-7963c3d elementor-widget elementor-widget-text-editor\" data-id=\"7963c3d\" data-element_type=\"widget\" data-e-type=\"widget\" data-widget_type=\"text-editor.default\">\n\t\t\t\t<div class=\"elementor-widget-container\">\n\t\t\t\t\t\t\t\t\t<a style=\"margin-right: 10px;\" href=\"https:\/\/www.facebook.com\/hotelninfa\/\" target=\"_blank\" rel=\"noopener\"><img decoding=\"async\" src=\"\/wp-content\/uploads\/2023\/08\/facebook-icon.png\" width=\"36px\" height=\"36px\" \/><\/a>\n<a href=\"https:\/\/www.instagram.com\/hotel_ninfa_avigliana\/\" target=\"_blank\" rel=\"noopener\"><img decoding=\"async\" src=\"\/wp-content\/uploads\/2023\/08\/instagram-icon.png\" width=\"36px\" height=\"36px\" \/><\/a>\t\t\t\t\t\t\t\t<\/div>\n\t\t\t\t<\/div>\n\t\t\t\t\t<\/div>\n\t\t<\/div>\n\t\t\t\t<div class=\"elementor-column elementor-col-50 elementor-inner-column elementor-element elementor-element-e2bffc3\" data-id=\"e2bffc3\" data-element_type=\"column\" data-e-type=\"column\" id=\"contacts-form\">\n\t\t\t<div class=\"elementor-widget-wrap elementor-element-populated\">\n\t\t\t\t\t\t<div class=\"elementor-element elementor-element-379d070 elementor-widget elementor-widget-text-editor\" data-id=\"379d070\" data-element_type=\"widget\" data-e-type=\"widget\" data-widget_type=\"text-editor.default\">\n\t\t\t\t<div class=\"elementor-widget-container\">\n\t\t\t\t\t\t\t\t\t<p>\n<div class=\"wpcf7 no-js\" id=\"wpcf7-f3358-o1\" lang=\"en-US\" dir=\"ltr\" data-wpcf7-id=\"3358\">\n<div class=\"screen-reader-response\"><p role=\"status\" aria-live=\"polite\" aria-atomic=\"true\"><\/p> <ul><\/ul><\/div>\n<form action=\"\/fr\/wp-json\/wp\/v2\/pages\/2956#wpcf7-f3358-o1\" method=\"post\" class=\"wpcf7-form init\" aria-label=\"Contact form\" novalidate=\"novalidate\" data-status=\"init\">\n<fieldset class=\"hidden-fields-container\"><input type=\"hidden\" name=\"_wpcf7\" value=\"3358\" \/><input type=\"hidden\" name=\"_wpcf7_version\" value=\"6.1.5\" \/><input type=\"hidden\" name=\"_wpcf7_locale\" value=\"en_US\" \/><input type=\"hidden\" name=\"_wpcf7_unit_tag\" value=\"wpcf7-f3358-o1\" \/><input type=\"hidden\" name=\"_wpcf7_container_post\" value=\"0\" \/><input type=\"hidden\" name=\"_wpcf7_posted_data_hash\" value=\"\" \/><input type=\"hidden\" name=\"_wpcf7_recaptcha_response\" value=\"\" \/>\n<\/fieldset>\n<p><span class=\"wpcf7-form-control-wrap\" data-name=\"your-name\"><input size=\"40\" maxlength=\"400\" class=\"wpcf7-form-control wpcf7-text wpcf7-validates-as-required\" aria-required=\"true\" aria-invalid=\"false\" placeholder=\"Nom et Pr\u00e9nom\" value=\"\" type=\"text\" name=\"your-name\" \/><\/span>\n<\/p>\n<p><span class=\"wpcf7-form-control-wrap\" data-name=\"your-email\"><input size=\"40\" maxlength=\"400\" class=\"wpcf7-form-control wpcf7-email wpcf7-validates-as-required wpcf7-text wpcf7-validates-as-email\" aria-required=\"true\" aria-invalid=\"false\" placeholder=\"Votre email\" value=\"\" type=\"email\" name=\"your-email\" \/><\/span>\n<\/p>\n<p><span class=\"wpcf7-form-control-wrap\" data-name=\"your-message\"><textarea cols=\"40\" rows=\"10\" maxlength=\"2000\" class=\"wpcf7-form-control wpcf7-textarea\" aria-invalid=\"false\" placeholder=\"Votre message\" name=\"your-message\"><\/textarea><\/span>\n<\/p>\n<p><span class=\"wpcf7-form-control-wrap\" data-name=\"acceptance-933\"><span class=\"wpcf7-form-control wpcf7-acceptance\"><span class=\"wpcf7-list-item\"><label><input type=\"checkbox\" name=\"acceptance-933\" value=\"1\" aria-invalid=\"false\" \/><span class=\"wpcf7-list-item-label\">Je lis les <a href=\"\/en\/privacy-cookie-policy\">Privacy policy<\/a> et j&rsquo;accepte le traitement de mes donn\u00e9es personnelles.<\/span><\/label><\/span><\/span><\/span>\n<\/p>\n<span class=\"wpcf7-form-control-wrap recaptcha\" data-name=\"recaptcha\"><span data-sitekey=\"6LfMqsQUAAAAAI9xbHq2vMDI6J0WIhxNQVYsy4g0\" data-align=\"center\" class=\"wpcf7-form-control wpcf7-recaptcha g-recaptcha\"><\/span>\r\n<noscript>\r\n\t<div class=\"grecaptcha-noscript\">\r\n\t\t<iframe src=\"https:\/\/www.google.com\/recaptcha\/api\/fallback?k=6LfMqsQUAAAAAI9xbHq2vMDI6J0WIhxNQVYsy4g0\" frameborder=\"0\" scrolling=\"no\" width=\"310\" height=\"430\">\r\n\t\t<\/iframe>\r\n\t\t<textarea name=\"g-recaptcha-response\" rows=\"3\" cols=\"40\" placeholder=\"reCaptcha Response Here\">\r\n\t\t<\/textarea>\r\n\t<\/div>\r\n<\/noscript>\r\n<\/span>\n<p><input class=\"wpcf7-form-control wpcf7-submit has-spinner\" type=\"submit\" value=\"Soumettre\" \/>\n<\/p><div class=\"wpcf7-response-output\" aria-hidden=\"true\"><\/div>\n<\/form>\n<\/div>\n<\/p>\n\t\t\t\t\t\t\t\t<\/div>\n\t\t\t\t<\/div>\n\t\t\t\t\t<\/div>\n\t\t<\/div>\n\t\t\t\t\t<\/div>\n\t\t<\/section>\n\t\t\t\t\t<\/div>\n\t\t<\/div>\n\t\t\t\t\t<\/div>\n\t\t<\/section>\n\t\t\t\t<section class=\"elementor-section elementor-top-section elementor-element elementor-element-9263242 elementor-section-full_width elementor-section-height-default elementor-section-height-default\" data-id=\"9263242\" data-element_type=\"section\" data-e-type=\"section\">\n\t\t\t\t\t\t<div class=\"elementor-container elementor-column-gap-no\">\n\t\t\t\t\t<div class=\"elementor-column elementor-col-100 elementor-top-column elementor-element elementor-element-634b50a\" data-id=\"634b50a\" data-element_type=\"column\" data-e-type=\"column\">\n\t\t\t<div class=\"elementor-widget-wrap elementor-element-populated\">\n\t\t\t\t\t\t<div class=\"elementor-element elementor-element-73e8390 elementor-widget elementor-widget-google_maps\" data-id=\"73e8390\" data-element_type=\"widget\" data-e-type=\"widget\" data-widget_type=\"google_maps.default\">\n\t\t\t\t<div class=\"elementor-widget-container\">\n\t\t\t\t\t\t\t<div class=\"elementor-custom-embed\">\n\t\t\t<iframe loading=\"lazy\"\n\t\t\t\t\tsrc=\"https:\/\/maps.google.com\/maps?q=hotel%20ninfa%20&#038;t=m&#038;z=10&#038;output=embed&#038;iwloc=near\"\n\t\t\t\t\ttitle=\"hotel ninfa \"\n\t\t\t\t\taria-label=\"hotel ninfa \"\n\t\t\t><\/iframe>\n\t\t<\/div>\n\t\t\t\t\t\t<\/div>\n\t\t\t\t<\/div>\n\t\t\t\t\t<\/div>\n\t\t<\/div>\n\t\t\t\t\t<\/div>\n\t\t<\/section>\n\t\t\t\t<\/div>\n\t\t","protected":false},"excerpt":{"rendered":"<p>INFO ET CONTACT Pour toutes demandes ou resevertions dans notre hotel n&rsquo;hesitez pas a nous contacter. Green hotel Ninfa*** Viale &hellip; <a href=\"https:\/\/www.hotelninfa.com\/fr\/info-et-contacts\/\">Lire la suite<\/a><\/p>\n","protected":false},"author":15,"featured_media":0,"parent":0,"menu_order":0,"comment_status":"closed","ping_status":"closed","template":"","meta":{"footnotes":""},"class_list":["post-2956","page","type-page","status-publish","hentry"],"yoast_head":"<!-- This site is optimized with the Yoast SEO plugin v27.3 - https:\/\/yoast.com\/product\/yoast-seo-wordpress\/ -->\n<title>Hotel Avigliana: contactez-nous pour plus d&#039;informations H\u00f4tel Ninfa<\/title>\n<meta name=\"description\" content=\"Pour toute demande ou information, n&#039;h\u00e9sitez pas \u00e0 contacter notre h\u00f4tel \u00e0 Avigliana et r\u00e9servez d\u00e8s maintenant la chambre qui correspond le mieux \u00e0 vos besoins.\" \/>\n<meta name=\"robots\" content=\"index, follow, max-snippet:-1, max-image-preview:large, max-video-preview:-1\" \/>\n<link rel=\"canonical\" href=\"https:\/\/www.hotelninfa.com\/fr\/info-et-contacts\/\" \/>\n<meta property=\"og:locale\" content=\"fr_FR\" \/>\n<meta property=\"og:type\" content=\"article\" \/>\n<meta property=\"og:title\" content=\"Hotel Avigliana: contactez-nous pour plus d&#039;informations H\u00f4tel Ninfa\" \/>\n<meta property=\"og:description\" content=\"Pour toute demande ou information, n&#039;h\u00e9sitez pas \u00e0 contacter notre h\u00f4tel \u00e0 Avigliana et r\u00e9servez d\u00e8s maintenant la chambre qui correspond le mieux \u00e0 vos besoins.\" \/>\n<meta property=\"og:url\" content=\"https:\/\/www.hotelninfa.com\/fr\/info-et-contacts\/\" \/>\n<meta property=\"og:site_name\" content=\"Green hotel Ninfa\" \/>\n<meta property=\"article:modified_time\" content=\"2023-08-02T07:25:38+00:00\" \/>\n<meta name=\"twitter:card\" content=\"summary_large_image\" \/>\n<meta name=\"twitter:label1\" content=\"Dur\u00e9e de lecture estim\u00e9e\" \/>\n\t<meta name=\"twitter:data1\" content=\"1 minute\" \/>\n<script type=\"application\/ld+json\" class=\"yoast-schema-graph\">{\"@context\":\"https:\\\/\\\/schema.org\",\"@graph\":[{\"@type\":\"WebPage\",\"@id\":\"https:\\\/\\\/www.hotelninfa.com\\\/fr\\\/info-et-contacts\\\/\",\"url\":\"https:\\\/\\\/www.hotelninfa.com\\\/fr\\\/info-et-contacts\\\/\",\"name\":\"Hotel Avigliana: contactez-nous pour plus d'informations H\u00f4tel Ninfa\",\"isPartOf\":{\"@id\":\"https:\\\/\\\/www.hotelninfa.com\\\/fr\\\/#website\"},\"datePublished\":\"2019-10-24T14:33:27+00:00\",\"dateModified\":\"2023-08-02T07:25:38+00:00\",\"description\":\"Pour toute demande ou information, n'h\u00e9sitez pas \u00e0 contacter notre h\u00f4tel \u00e0 Avigliana et r\u00e9servez d\u00e8s maintenant la chambre qui correspond le mieux \u00e0 vos besoins.\",\"breadcrumb\":{\"@id\":\"https:\\\/\\\/www.hotelninfa.com\\\/fr\\\/info-et-contacts\\\/#breadcrumb\"},\"inLanguage\":\"fr-FR\",\"potentialAction\":[{\"@type\":\"ReadAction\",\"target\":[\"https:\\\/\\\/www.hotelninfa.com\\\/fr\\\/info-et-contacts\\\/\"]}]},{\"@type\":\"BreadcrumbList\",\"@id\":\"https:\\\/\\\/www.hotelninfa.com\\\/fr\\\/info-et-contacts\\\/#breadcrumb\",\"itemListElement\":[{\"@type\":\"ListItem\",\"position\":1,\"name\":\"Home\",\"item\":\"https:\\\/\\\/www.hotelninfa.com\\\/fr\\\/\"},{\"@type\":\"ListItem\",\"position\":2,\"name\":\"Info et contacts\"}]},{\"@type\":\"WebSite\",\"@id\":\"https:\\\/\\\/www.hotelninfa.com\\\/fr\\\/#website\",\"url\":\"https:\\\/\\\/www.hotelninfa.com\\\/fr\\\/\",\"name\":\"Green hotel Ninfa\",\"description\":\"\",\"publisher\":{\"@id\":\"https:\\\/\\\/www.hotelninfa.com\\\/fr\\\/#organization\"},\"potentialAction\":[{\"@type\":\"SearchAction\",\"target\":{\"@type\":\"EntryPoint\",\"urlTemplate\":\"https:\\\/\\\/www.hotelninfa.com\\\/fr\\\/?s={search_term_string}\"},\"query-input\":{\"@type\":\"PropertyValueSpecification\",\"valueRequired\":true,\"valueName\":\"search_term_string\"}}],\"inLanguage\":\"fr-FR\"},{\"@type\":\"Organization\",\"@id\":\"https:\\\/\\\/www.hotelninfa.com\\\/fr\\\/#organization\",\"name\":\"Green hotel Ninfa\",\"url\":\"https:\\\/\\\/www.hotelninfa.com\\\/fr\\\/\",\"logo\":{\"@type\":\"ImageObject\",\"inLanguage\":\"fr-FR\",\"@id\":\"https:\\\/\\\/www.hotelninfa.com\\\/fr\\\/#\\\/schema\\\/logo\\\/image\\\/\",\"url\":\"https:\\\/\\\/www.hotelninfa.com\\\/wp-content\\\/uploads\\\/2019\\\/11\\\/HotelNinfa_slider7.jpg\",\"contentUrl\":\"https:\\\/\\\/www.hotelninfa.com\\\/wp-content\\\/uploads\\\/2019\\\/11\\\/HotelNinfa_slider7.jpg\",\"width\":320,\"height\":247,\"caption\":\"Green hotel Ninfa\"},\"image\":{\"@id\":\"https:\\\/\\\/www.hotelninfa.com\\\/fr\\\/#\\\/schema\\\/logo\\\/image\\\/\"}}]}<\/script>\n<!-- \/ Yoast SEO plugin. -->","yoast_head_json":{"title":"Hotel Avigliana: contactez-nous pour plus d'informations H\u00f4tel Ninfa","description":"Pour toute demande ou information, n'h\u00e9sitez pas \u00e0 contacter notre h\u00f4tel \u00e0 Avigliana et r\u00e9servez d\u00e8s maintenant la chambre qui correspond le mieux \u00e0 vos besoins.","robots":{"index":"index","follow":"follow","max-snippet":"max-snippet:-1","max-image-preview":"max-image-preview:large","max-video-preview":"max-video-preview:-1"},"canonical":"https:\/\/www.hotelninfa.com\/fr\/info-et-contacts\/","og_locale":"fr_FR","og_type":"article","og_title":"Hotel Avigliana: contactez-nous pour plus d'informations H\u00f4tel Ninfa","og_description":"Pour toute demande ou information, n'h\u00e9sitez pas \u00e0 contacter notre h\u00f4tel \u00e0 Avigliana et r\u00e9servez d\u00e8s maintenant la chambre qui correspond le mieux \u00e0 vos besoins.","og_url":"https:\/\/www.hotelninfa.com\/fr\/info-et-contacts\/","og_site_name":"Green hotel Ninfa","article_modified_time":"2023-08-02T07:25:38+00:00","twitter_card":"summary_large_image","twitter_misc":{"Dur\u00e9e de lecture estim\u00e9e":"1 minute"},"schema":{"@context":"https:\/\/schema.org","@graph":[{"@type":"WebPage","@id":"https:\/\/www.hotelninfa.com\/fr\/info-et-contacts\/","url":"https:\/\/www.hotelninfa.com\/fr\/info-et-contacts\/","name":"Hotel Avigliana: contactez-nous pour plus d'informations H\u00f4tel Ninfa","isPartOf":{"@id":"https:\/\/www.hotelninfa.com\/fr\/#website"},"datePublished":"2019-10-24T14:33:27+00:00","dateModified":"2023-08-02T07:25:38+00:00","description":"Pour toute demande ou information, n'h\u00e9sitez pas \u00e0 contacter notre h\u00f4tel \u00e0 Avigliana et r\u00e9servez d\u00e8s maintenant la chambre qui correspond le mieux \u00e0 vos besoins.","breadcrumb":{"@id":"https:\/\/www.hotelninfa.com\/fr\/info-et-contacts\/#breadcrumb"},"inLanguage":"fr-FR","potentialAction":[{"@type":"ReadAction","target":["https:\/\/www.hotelninfa.com\/fr\/info-et-contacts\/"]}]},{"@type":"BreadcrumbList","@id":"https:\/\/www.hotelninfa.com\/fr\/info-et-contacts\/#breadcrumb","itemListElement":[{"@type":"ListItem","position":1,"name":"Home","item":"https:\/\/www.hotelninfa.com\/fr\/"},{"@type":"ListItem","position":2,"name":"Info et contacts"}]},{"@type":"WebSite","@id":"https:\/\/www.hotelninfa.com\/fr\/#website","url":"https:\/\/www.hotelninfa.com\/fr\/","name":"Green hotel Ninfa","description":"","publisher":{"@id":"https:\/\/www.hotelninfa.com\/fr\/#organization"},"potentialAction":[{"@type":"SearchAction","target":{"@type":"EntryPoint","urlTemplate":"https:\/\/www.hotelninfa.com\/fr\/?s={search_term_string}"},"query-input":{"@type":"PropertyValueSpecification","valueRequired":true,"valueName":"search_term_string"}}],"inLanguage":"fr-FR"},{"@type":"Organization","@id":"https:\/\/www.hotelninfa.com\/fr\/#organization","name":"Green hotel Ninfa","url":"https:\/\/www.hotelninfa.com\/fr\/","logo":{"@type":"ImageObject","inLanguage":"fr-FR","@id":"https:\/\/www.hotelninfa.com\/fr\/#\/schema\/logo\/image\/","url":"https:\/\/www.hotelninfa.com\/wp-content\/uploads\/2019\/11\/HotelNinfa_slider7.jpg","contentUrl":"https:\/\/www.hotelninfa.com\/wp-content\/uploads\/2019\/11\/HotelNinfa_slider7.jpg","width":320,"height":247,"caption":"Green hotel Ninfa"},"image":{"@id":"https:\/\/www.hotelninfa.com\/fr\/#\/schema\/logo\/image\/"}}]}},"_links":{"self":[{"href":"https:\/\/www.hotelninfa.com\/fr\/wp-json\/wp\/v2\/pages\/2956","targetHints":{"allow":["GET"]}}],"collection":[{"href":"https:\/\/www.hotelninfa.com\/fr\/wp-json\/wp\/v2\/pages"}],"about":[{"href":"https:\/\/www.hotelninfa.com\/fr\/wp-json\/wp\/v2\/types\/page"}],"author":[{"embeddable":true,"href":"https:\/\/www.hotelninfa.com\/fr\/wp-json\/wp\/v2\/users\/15"}],"replies":[{"embeddable":true,"href":"https:\/\/www.hotelninfa.com\/fr\/wp-json\/wp\/v2\/comments?post=2956"}],"version-history":[{"count":11,"href":"https:\/\/www.hotelninfa.com\/fr\/wp-json\/wp\/v2\/pages\/2956\/revisions"}],"predecessor-version":[{"id":5244,"href":"https:\/\/www.hotelninfa.com\/fr\/wp-json\/wp\/v2\/pages\/2956\/revisions\/5244"}],"wp:attachment":[{"href":"https:\/\/www.hotelninfa.com\/fr\/wp-json\/wp\/v2\/media?parent=2956"}],"curies":[{"name":"wp","href":"https:\/\/api.w.org\/{rel}","templated":true}]}}