{"id":2943,"date":"2019-10-24T11:53:46","date_gmt":"2019-10-24T09:53:46","guid":{"rendered":"https:\/\/www.hotelninfa.com\/environs\/"},"modified":"2023-08-02T11:11:47","modified_gmt":"2023-08-02T09:11:47","slug":"environs","status":"publish","type":"page","link":"https:\/\/www.hotelninfa.com\/fr\/environs\/","title":{"rendered":"AUX ALENTOURS"},"content":{"rendered":"\t\t<div data-elementor-type=\"wp-post\" data-elementor-id=\"2943\" class=\"elementor elementor-2943 elementor-1868\">\n\t\t\t\t\t\t<section class=\"elementor-section elementor-top-section elementor-element elementor-element-c1f0e59 elementor-section-boxed elementor-section-height-default elementor-section-height-default\" data-id=\"c1f0e59\" data-element_type=\"section\" data-e-type=\"section\">\n\t\t\t\t\t\t<div class=\"elementor-container elementor-column-gap-default\">\n\t\t\t\t\t<div class=\"elementor-column elementor-col-100 elementor-top-column elementor-element elementor-element-4677f23\" data-id=\"4677f23\" data-element_type=\"column\" data-e-type=\"column\">\n\t\t\t<div class=\"elementor-widget-wrap elementor-element-populated\">\n\t\t\t\t\t\t<div class=\"elementor-element elementor-element-2b894d5 elementor-widget elementor-widget-text-editor\" data-id=\"2b894d5\" data-element_type=\"widget\" data-e-type=\"widget\" data-widget_type=\"text-editor.default\">\n\t\t\t\t<div class=\"elementor-widget-container\">\n\t\t\t\t\t\t\t\t\t<h1 class=\"color-text-red font-size-42\" style=\"text-align: center;\">AUX ALENTOURS<\/h1><div class=\"red-divider color-text-red\">\u00a0<\/div>\t\t\t\t\t\t\t\t<\/div>\n\t\t\t\t<\/div>\n\t\t\t\t\t<\/div>\n\t\t<\/div>\n\t\t\t\t\t<\/div>\n\t\t<\/section>\n\t\t\t\t<section class=\"elementor-section elementor-top-section elementor-element elementor-element-de4c81f elementor-section-boxed elementor-section-height-default elementor-section-height-default\" data-id=\"de4c81f\" data-element_type=\"section\" data-e-type=\"section\">\n\t\t\t\t\t\t<div class=\"elementor-container elementor-column-gap-default\">\n\t\t\t\t\t<div class=\"elementor-column elementor-col-100 elementor-top-column elementor-element elementor-element-12ac0e6\" data-id=\"12ac0e6\" data-element_type=\"column\" data-e-type=\"column\">\n\t\t\t<div class=\"elementor-widget-wrap elementor-element-populated\">\n\t\t\t\t\t\t<section class=\"elementor-section elementor-inner-section elementor-element elementor-element-5994bb2 elementor-section-boxed elementor-section-height-default elementor-section-height-default\" data-id=\"5994bb2\" data-element_type=\"section\" data-e-type=\"section\">\n\t\t\t\t\t\t<div class=\"elementor-container elementor-column-gap-default\">\n\t\t\t\t\t<div class=\"elementor-column elementor-col-50 elementor-inner-column elementor-element elementor-element-97746fd\" data-id=\"97746fd\" data-element_type=\"column\" data-e-type=\"column\">\n\t\t\t<div class=\"elementor-widget-wrap elementor-element-populated\">\n\t\t\t\t\t\t<div class=\"elementor-element elementor-element-aa5f53a elementor-widget elementor-widget-text-editor\" data-id=\"aa5f53a\" data-element_type=\"widget\" data-e-type=\"widget\" data-widget_type=\"text-editor.default\">\n\t\t\t\t<div class=\"elementor-widget-container\">\n\t\t\t\t\t\t\t\t\t<p><iframe style=\"border: 0;\" src=\"https:\/\/www.google.com\/maps\/embed?pb=!1m14!1m8!1m3!1d11268.40336230432!2d7.4163952!3d45.0837482!3m2!1i1024!2i768!4f13.1!3m3!1m2!1s0x0%3A0x861b7423ad37a724!2sHotel%20Ninfa!5e0!3m2!1sit!2sit!4v1572529063309!5m2!1sit!2sit\" width=\"600\" height=\"450\" frameborder=\"0\" allowfullscreen=\"allowfullscreen\"><\/iframe><\/p>\n\t\t\t\t\t\t\t\t<\/div>\n\t\t\t\t<\/div>\n\t\t\t\t\t<\/div>\n\t\t<\/div>\n\t\t\t\t<div class=\"elementor-column elementor-col-50 elementor-inner-column elementor-element elementor-element-12506f4\" data-id=\"12506f4\" data-element_type=\"column\" data-e-type=\"column\">\n\t\t\t<div class=\"elementor-widget-wrap elementor-element-populated\">\n\t\t\t\t\t\t<div class=\"elementor-element elementor-element-c94d7c9 elementor-widget elementor-widget-text-editor\" data-id=\"c94d7c9\" data-element_type=\"widget\" data-e-type=\"widget\" data-widget_type=\"text-editor.default\">\n\t\t\t\t<div class=\"elementor-widget-container\">\n\t\t\t\t\t\t\t\t\t<p style=\"text-align: left;\">Il est possible de pratiquer beaucoup d&rsquo;activitees sportives gr\u00e2ce aux lacs pour la p\u00eache,le ski nautique.Man\u00e8ge pour \u00e8quitation et parcours pour ballades \u00e8cologiques.Terrains de gof et de tennis a proximit\u00e8s.Pour amateurs de sports d&rsquo;hiver nous sommes a 45mm de grandes statiins de ski SESTRIERES,MONTGENEVRE&#8230;.<\/p>\n<p style=\"text-align: left;\">Pour qui au contraire se dirige vers le monde des arts et de la cultures nous proposons de visiter le Chateau de Rivoli,l&rsquo;abbaye de la Sacra de San Michele,et Avigliana medievale.<\/p>\n\t\t\t\t\t\t\t\t<\/div>\n\t\t\t\t<\/div>\n\t\t\t\t\t<\/div>\n\t\t<\/div>\n\t\t\t\t\t<\/div>\n\t\t<\/section>\n\t\t\t\t\t<\/div>\n\t\t<\/div>\n\t\t\t\t\t<\/div>\n\t\t<\/section>\n\t\t\t\t<section class=\"elementor-section elementor-top-section elementor-element elementor-element-c537f91 elementor-section-boxed elementor-section-height-default elementor-section-height-default\" data-id=\"c537f91\" data-element_type=\"section\" data-e-type=\"section\">\n\t\t\t\t\t\t<div class=\"elementor-container elementor-column-gap-default\">\n\t\t\t\t\t<div class=\"elementor-column elementor-col-100 elementor-top-column elementor-element elementor-element-4c7483e\" data-id=\"4c7483e\" data-element_type=\"column\" data-e-type=\"column\">\n\t\t\t<div class=\"elementor-widget-wrap elementor-element-populated\">\n\t\t\t\t\t\t<div class=\"elementor-element elementor-element-ac805f2 elementor-widget elementor-widget-text-editor\" data-id=\"ac805f2\" data-element_type=\"widget\" data-e-type=\"widget\" data-widget_type=\"text-editor.default\">\n\t\t\t\t<div class=\"elementor-widget-container\">\n\t\t\t\t\t\t\t\t\t<p style=\"text-align: center;\">Quelques conseils pour les visites en Vall\u00e8e de susa ou de Turin&#8230;&#8230;<br \/>\nA quelques kilom\u00e8tres de notre hotel vous pourrez decouvrir les merveilles de la region.<\/p>\n<p><ul class=\"display-posts-listing\"><li class=\"listing-item\"><a class=\"image\" href=\"https:\/\/www.hotelninfa.com\/fr\/environs\/museums\/\"><img decoding=\"async\" width=\"300\" height=\"158\" src=\"https:\/\/www.hotelninfa.com\/wp-content\/uploads\/2019\/09\/HN-Copertina-Museo-Egizio-300x158.jpg\" class=\"attachment-medium size-medium wp-post-image\" alt=\"\" srcset=\"https:\/\/www.hotelninfa.com\/wp-content\/uploads\/2019\/09\/HN-Copertina-Museo-Egizio-300x158.jpg 300w, https:\/\/www.hotelninfa.com\/wp-content\/uploads\/2019\/09\/HN-Copertina-Museo-Egizio-600x315.jpg 600w, https:\/\/www.hotelninfa.com\/wp-content\/uploads\/2019\/09\/HN-Copertina-Museo-Egizio-768x403.jpg 768w, https:\/\/www.hotelninfa.com\/wp-content\/uploads\/2019\/09\/HN-Copertina-Museo-Egizio-1024x538.jpg 1024w, https:\/\/www.hotelninfa.com\/wp-content\/uploads\/2019\/09\/HN-Copertina-Museo-Egizio-67x35.jpg 67w, https:\/\/www.hotelninfa.com\/wp-content\/uploads\/2019\/09\/HN-Copertina-Museo-Egizio-152x80.jpg 152w, https:\/\/www.hotelninfa.com\/wp-content\/uploads\/2019\/09\/HN-Copertina-Museo-Egizio-394x207.jpg 394w, https:\/\/www.hotelninfa.com\/wp-content\/uploads\/2019\/09\/HN-Copertina-Museo-Egizio-915x480.jpg 915w, https:\/\/www.hotelninfa.com\/wp-content\/uploads\/2019\/09\/HN-Copertina-Museo-Egizio.jpg 1200w\" sizes=\"(max-width: 300px) 100vw, 300px\" \/><\/a> <a class=\"title\" href=\"https:\/\/www.hotelninfa.com\/fr\/environs\/museums\/\">MUSEES<\/a> <span class=\"excerpt-dash\">&#8211;<\/span> <span class=\"excerpt\">CH\u00c0TEAU DE RIVOLI.MUSEE D&rsquo;ART CONTEMPORAIN. MUSEES: La variet\u00e8e architecturales des salles du ch\u00e2teau dd Rivoliconstruise\u2026 <span class=\"excerpt-more\">Leggi tutto<\/span><\/span><\/li><li class=\"listing-item\"><a class=\"image\" href=\"https:\/\/www.hotelninfa.com\/fr\/environs\/turin\/\"><img decoding=\"async\" width=\"300\" height=\"158\" src=\"https:\/\/www.hotelninfa.com\/wp-content\/uploads\/2019\/11\/HN-Copertina-Piazza-Castello-300x158.jpg\" class=\"attachment-medium size-medium wp-post-image\" alt=\"\" srcset=\"https:\/\/www.hotelninfa.com\/wp-content\/uploads\/2019\/11\/HN-Copertina-Piazza-Castello-300x158.jpg 300w, https:\/\/www.hotelninfa.com\/wp-content\/uploads\/2019\/11\/HN-Copertina-Piazza-Castello-600x315.jpg 600w, https:\/\/www.hotelninfa.com\/wp-content\/uploads\/2019\/11\/HN-Copertina-Piazza-Castello-768x403.jpg 768w, https:\/\/www.hotelninfa.com\/wp-content\/uploads\/2019\/11\/HN-Copertina-Piazza-Castello-1024x538.jpg 1024w, https:\/\/www.hotelninfa.com\/wp-content\/uploads\/2019\/11\/HN-Copertina-Piazza-Castello-67x35.jpg 67w, https:\/\/www.hotelninfa.com\/wp-content\/uploads\/2019\/11\/HN-Copertina-Piazza-Castello-152x80.jpg 152w, https:\/\/www.hotelninfa.com\/wp-content\/uploads\/2019\/11\/HN-Copertina-Piazza-Castello-394x207.jpg 394w, https:\/\/www.hotelninfa.com\/wp-content\/uploads\/2019\/11\/HN-Copertina-Piazza-Castello-915x480.jpg 915w, https:\/\/www.hotelninfa.com\/wp-content\/uploads\/2019\/11\/HN-Copertina-Piazza-Castello.jpg 1200w\" sizes=\"(max-width: 300px) 100vw, 300px\" \/><\/a> <a class=\"title\" href=\"https:\/\/www.hotelninfa.com\/fr\/environs\/turin\/\">TORINO<\/a> <span class=\"excerpt-dash\">&#8211;<\/span> <span class=\"excerpt\">A quelques kilom\u00e8tres de l&rsquo;hotel, vous pourez visiter Turin son patrimoine culurelle,artistiqueet architecturale. Les attractions\u2026 <span class=\"excerpt-more\">Leggi tutto<\/span><\/span><\/li><li class=\"listing-item\"><a class=\"image\" href=\"https:\/\/www.hotelninfa.com\/fr\/environs\/val-di-susa\/\"><img decoding=\"async\" width=\"300\" height=\"158\" src=\"https:\/\/www.hotelninfa.com\/wp-content\/uploads\/2019\/09\/HN-Copertina-ValDiSusa-300x158.jpg\" class=\"attachment-medium size-medium wp-post-image\" alt=\"\" srcset=\"https:\/\/www.hotelninfa.com\/wp-content\/uploads\/2019\/09\/HN-Copertina-ValDiSusa-300x158.jpg 300w, https:\/\/www.hotelninfa.com\/wp-content\/uploads\/2019\/09\/HN-Copertina-ValDiSusa-600x315.jpg 600w, https:\/\/www.hotelninfa.com\/wp-content\/uploads\/2019\/09\/HN-Copertina-ValDiSusa-768x403.jpg 768w, https:\/\/www.hotelninfa.com\/wp-content\/uploads\/2019\/09\/HN-Copertina-ValDiSusa-1024x538.jpg 1024w, https:\/\/www.hotelninfa.com\/wp-content\/uploads\/2019\/09\/HN-Copertina-ValDiSusa-67x35.jpg 67w, https:\/\/www.hotelninfa.com\/wp-content\/uploads\/2019\/09\/HN-Copertina-ValDiSusa-152x80.jpg 152w, https:\/\/www.hotelninfa.com\/wp-content\/uploads\/2019\/09\/HN-Copertina-ValDiSusa-394x207.jpg 394w, https:\/\/www.hotelninfa.com\/wp-content\/uploads\/2019\/09\/HN-Copertina-ValDiSusa-915x480.jpg 915w, https:\/\/www.hotelninfa.com\/wp-content\/uploads\/2019\/09\/HN-Copertina-ValDiSusa.jpg 1200w\" sizes=\"(max-width: 300px) 100vw, 300px\" \/><\/a> <a class=\"title\" href=\"https:\/\/www.hotelninfa.com\/fr\/environs\/val-di-susa\/\">VALLEE DE SUSA<\/a> <span class=\"excerpt-dash\">&#8211;<\/span> <span class=\"excerpt\">Terre antique riche d&rsquo;histoireEt de culture. La zone est riche en parcs naturels t aussi\u2026 <span class=\"excerpt-more\">Leggi tutto<\/span><\/span><\/li><\/ul><\/p>\n\t\t\t\t\t\t\t\t<\/div>\n\t\t\t\t<\/div>\n\t\t\t\t\t<\/div>\n\t\t<\/div>\n\t\t\t\t\t<\/div>\n\t\t<\/section>\n\t\t\t\t<section class=\"elementor-section elementor-top-section elementor-element elementor-element-df69499 elementor-section-full_width cta-visualizza-stanze elementor-section-height-default elementor-section-height-default\" data-id=\"df69499\" data-element_type=\"section\" data-e-type=\"section\" data-settings=\"{&quot;background_background&quot;:&quot;classic&quot;}\">\n\t\t\t\t\t\t<div class=\"elementor-container elementor-column-gap-default\">\n\t\t\t\t\t<div class=\"elementor-column elementor-col-100 elementor-top-column elementor-element elementor-element-6210adc\" data-id=\"6210adc\" data-element_type=\"column\" data-e-type=\"column\">\n\t\t\t<div class=\"elementor-widget-wrap elementor-element-populated\">\n\t\t\t\t\t\t<section class=\"elementor-section elementor-inner-section elementor-element elementor-element-7aa1655 elementor-section-boxed elementor-section-height-default elementor-section-height-default\" data-id=\"7aa1655\" data-element_type=\"section\" data-e-type=\"section\">\n\t\t\t\t\t\t<div class=\"elementor-container elementor-column-gap-default\">\n\t\t\t\t\t<div class=\"elementor-column elementor-col-50 elementor-inner-column elementor-element elementor-element-0a269c8\" data-id=\"0a269c8\" data-element_type=\"column\" data-e-type=\"column\">\n\t\t\t<div class=\"elementor-widget-wrap elementor-element-populated\">\n\t\t\t\t\t\t<div class=\"elementor-element elementor-element-ada9bce elementor-widget elementor-widget-text-editor\" data-id=\"ada9bce\" data-element_type=\"widget\" data-e-type=\"widget\" data-widget_type=\"text-editor.default\">\n\t\t\t\t<div class=\"elementor-widget-container\">\n\t\t\t\t\t\t\t\t\t<h5>Voir nos chambres<br \/>\nH\u00f4tel Ninfa<\/h5>\n\t\t\t\t\t\t\t\t<\/div>\n\t\t\t\t<\/div>\n\t\t\t\t\t<\/div>\n\t\t<\/div>\n\t\t\t\t<div class=\"elementor-column elementor-col-50 elementor-inner-column elementor-element elementor-element-d512694\" data-id=\"d512694\" data-element_type=\"column\" data-e-type=\"column\">\n\t\t\t<div class=\"elementor-widget-wrap elementor-element-populated\">\n\t\t\t\t\t\t<div class=\"elementor-element elementor-element-650d263 elementor-align-center elementor-widget elementor-widget-button\" data-id=\"650d263\" data-element_type=\"widget\" data-e-type=\"widget\" data-widget_type=\"button.default\">\n\t\t\t\t<div class=\"elementor-widget-container\">\n\t\t\t\t\t\t\t\t\t<div class=\"elementor-button-wrapper\">\n\t\t\t\t\t<a class=\"elementor-button elementor-button-link elementor-size-sm\" href=\"https:\/\/www.hotelninfa.com\/fr\/chambres\/\">\n\t\t\t\t\t\t<span class=\"elementor-button-content-wrapper\">\n\t\t\t\t\t\t\t\t\t<span class=\"elementor-button-text\">VOIR TOUT<\/span>\n\t\t\t\t\t<\/span>\n\t\t\t\t\t<\/a>\n\t\t\t\t<\/div>\n\t\t\t\t\t\t\t\t<\/div>\n\t\t\t\t<\/div>\n\t\t\t\t\t<\/div>\n\t\t<\/div>\n\t\t\t\t\t<\/div>\n\t\t<\/section>\n\t\t\t\t\t<\/div>\n\t\t<\/div>\n\t\t\t\t\t<\/div>\n\t\t<\/section>\n\t\t\t\t<\/div>\n\t\t","protected":false},"excerpt":{"rendered":"<p>AUX ALENTOURS \u00a0 Il est possible de pratiquer beaucoup d&rsquo;activitees sportives gr\u00e2ce aux lacs pour la p\u00eache,le ski nautique.Man\u00e8ge pour &hellip; <a href=\"https:\/\/www.hotelninfa.com\/fr\/environs\/val-di-susa\/\">Lire la suite<\/a><\/p>\n","protected":false},"author":15,"featured_media":0,"parent":0,"menu_order":0,"comment_status":"closed","ping_status":"closed","template":"","meta":{"footnotes":""},"class_list":["post-2943","page","type-page","status-publish","hentry"],"yoast_head":"<!-- This site is optimized with the Yoast SEO plugin v27.4 - https:\/\/yoast.com\/product\/yoast-seo-wordpress\/ -->\n<title>Que voir dans la vall\u00e9e de Suse: autour de l&#039;h\u00f4tel | H\u00f4tel Ninfa<\/title>\n<meta name=\"description\" content=\"Si vous vous demandez ce qu&#039;il y a \u00e0 voir dans le Val di Susa, visitez notre site et d\u00e9couvrez les plus belles attractions du Pi\u00e9mont, \u00e0 quelques pas de notre h\u00f4tel.\" \/>\n<meta name=\"robots\" content=\"index, follow, max-snippet:-1, max-image-preview:large, max-video-preview:-1\" \/>\n<link rel=\"canonical\" href=\"https:\/\/www.hotelninfa.com\/fr\/environs\/\" \/>\n<meta property=\"og:locale\" content=\"fr_FR\" \/>\n<meta property=\"og:type\" content=\"article\" \/>\n<meta property=\"og:title\" content=\"Que voir dans la vall\u00e9e de Suse: autour de l&#039;h\u00f4tel | H\u00f4tel Ninfa\" \/>\n<meta property=\"og:description\" content=\"Si vous vous demandez ce qu&#039;il y a \u00e0 voir dans le Val di Susa, visitez notre site et d\u00e9couvrez les plus belles attractions du Pi\u00e9mont, \u00e0 quelques pas de notre h\u00f4tel.\" \/>\n<meta property=\"og:url\" content=\"https:\/\/www.hotelninfa.com\/fr\/environs\/\" \/>\n<meta property=\"og:site_name\" content=\"Green hotel Ninfa\" \/>\n<meta property=\"article:modified_time\" content=\"2023-08-02T09:11:47+00:00\" \/>\n<meta name=\"twitter:card\" content=\"summary_large_image\" \/>\n<meta name=\"twitter:label1\" content=\"Dur\u00e9e de lecture estim\u00e9e\" \/>\n\t<meta name=\"twitter:data1\" content=\"2 minutes\" \/>\n<script type=\"application\/ld+json\" class=\"yoast-schema-graph\">{\"@context\":\"https:\\\/\\\/schema.org\",\"@graph\":[{\"@type\":\"WebPage\",\"@id\":\"https:\\\/\\\/www.hotelninfa.com\\\/fr\\\/environs\\\/\",\"url\":\"https:\\\/\\\/www.hotelninfa.com\\\/fr\\\/environs\\\/\",\"name\":\"Que voir dans la vall\u00e9e de Suse: autour de l'h\u00f4tel | H\u00f4tel Ninfa\",\"isPartOf\":{\"@id\":\"https:\\\/\\\/www.hotelninfa.com\\\/fr\\\/#website\"},\"datePublished\":\"2019-10-24T09:53:46+00:00\",\"dateModified\":\"2023-08-02T09:11:47+00:00\",\"description\":\"Si vous vous demandez ce qu'il y a \u00e0 voir dans le Val di Susa, visitez notre site et d\u00e9couvrez les plus belles attractions du Pi\u00e9mont, \u00e0 quelques pas de notre h\u00f4tel.\",\"breadcrumb\":{\"@id\":\"https:\\\/\\\/www.hotelninfa.com\\\/fr\\\/environs\\\/#breadcrumb\"},\"inLanguage\":\"fr-FR\",\"potentialAction\":[{\"@type\":\"ReadAction\",\"target\":[\"https:\\\/\\\/www.hotelninfa.com\\\/fr\\\/environs\\\/\"]}]},{\"@type\":\"BreadcrumbList\",\"@id\":\"https:\\\/\\\/www.hotelninfa.com\\\/fr\\\/environs\\\/#breadcrumb\",\"itemListElement\":[{\"@type\":\"ListItem\",\"position\":1,\"name\":\"Home\",\"item\":\"https:\\\/\\\/www.hotelninfa.com\\\/fr\\\/\"},{\"@type\":\"ListItem\",\"position\":2,\"name\":\"AUX ALENTOURS\"}]},{\"@type\":\"WebSite\",\"@id\":\"https:\\\/\\\/www.hotelninfa.com\\\/fr\\\/#website\",\"url\":\"https:\\\/\\\/www.hotelninfa.com\\\/fr\\\/\",\"name\":\"Green hotel Ninfa\",\"description\":\"\",\"publisher\":{\"@id\":\"https:\\\/\\\/www.hotelninfa.com\\\/fr\\\/#organization\"},\"potentialAction\":[{\"@type\":\"SearchAction\",\"target\":{\"@type\":\"EntryPoint\",\"urlTemplate\":\"https:\\\/\\\/www.hotelninfa.com\\\/fr\\\/?s={search_term_string}\"},\"query-input\":{\"@type\":\"PropertyValueSpecification\",\"valueRequired\":true,\"valueName\":\"search_term_string\"}}],\"inLanguage\":\"fr-FR\"},{\"@type\":\"Organization\",\"@id\":\"https:\\\/\\\/www.hotelninfa.com\\\/fr\\\/#organization\",\"name\":\"Green hotel Ninfa\",\"url\":\"https:\\\/\\\/www.hotelninfa.com\\\/fr\\\/\",\"logo\":{\"@type\":\"ImageObject\",\"inLanguage\":\"fr-FR\",\"@id\":\"https:\\\/\\\/www.hotelninfa.com\\\/fr\\\/#\\\/schema\\\/logo\\\/image\\\/\",\"url\":\"https:\\\/\\\/www.hotelninfa.com\\\/wp-content\\\/uploads\\\/2019\\\/11\\\/HotelNinfa_slider7.jpg\",\"contentUrl\":\"https:\\\/\\\/www.hotelninfa.com\\\/wp-content\\\/uploads\\\/2019\\\/11\\\/HotelNinfa_slider7.jpg\",\"width\":320,\"height\":247,\"caption\":\"Green hotel Ninfa\"},\"image\":{\"@id\":\"https:\\\/\\\/www.hotelninfa.com\\\/fr\\\/#\\\/schema\\\/logo\\\/image\\\/\"}}]}<\/script>\n<!-- \/ Yoast SEO plugin. -->","yoast_head_json":{"title":"Que voir dans la vall\u00e9e de Suse: autour de l'h\u00f4tel | H\u00f4tel Ninfa","description":"Si vous vous demandez ce qu'il y a \u00e0 voir dans le Val di Susa, visitez notre site et d\u00e9couvrez les plus belles attractions du Pi\u00e9mont, \u00e0 quelques pas de notre h\u00f4tel.","robots":{"index":"index","follow":"follow","max-snippet":"max-snippet:-1","max-image-preview":"max-image-preview:large","max-video-preview":"max-video-preview:-1"},"canonical":"https:\/\/www.hotelninfa.com\/fr\/environs\/","og_locale":"fr_FR","og_type":"article","og_title":"Que voir dans la vall\u00e9e de Suse: autour de l'h\u00f4tel | H\u00f4tel Ninfa","og_description":"Si vous vous demandez ce qu'il y a \u00e0 voir dans le Val di Susa, visitez notre site et d\u00e9couvrez les plus belles attractions du Pi\u00e9mont, \u00e0 quelques pas de notre h\u00f4tel.","og_url":"https:\/\/www.hotelninfa.com\/fr\/environs\/","og_site_name":"Green hotel Ninfa","article_modified_time":"2023-08-02T09:11:47+00:00","twitter_card":"summary_large_image","twitter_misc":{"Dur\u00e9e de lecture estim\u00e9e":"2 minutes"},"schema":{"@context":"https:\/\/schema.org","@graph":[{"@type":"WebPage","@id":"https:\/\/www.hotelninfa.com\/fr\/environs\/","url":"https:\/\/www.hotelninfa.com\/fr\/environs\/","name":"Que voir dans la vall\u00e9e de Suse: autour de l'h\u00f4tel | H\u00f4tel Ninfa","isPartOf":{"@id":"https:\/\/www.hotelninfa.com\/fr\/#website"},"datePublished":"2019-10-24T09:53:46+00:00","dateModified":"2023-08-02T09:11:47+00:00","description":"Si vous vous demandez ce qu'il y a \u00e0 voir dans le Val di Susa, visitez notre site et d\u00e9couvrez les plus belles attractions du Pi\u00e9mont, \u00e0 quelques pas de notre h\u00f4tel.","breadcrumb":{"@id":"https:\/\/www.hotelninfa.com\/fr\/environs\/#breadcrumb"},"inLanguage":"fr-FR","potentialAction":[{"@type":"ReadAction","target":["https:\/\/www.hotelninfa.com\/fr\/environs\/"]}]},{"@type":"BreadcrumbList","@id":"https:\/\/www.hotelninfa.com\/fr\/environs\/#breadcrumb","itemListElement":[{"@type":"ListItem","position":1,"name":"Home","item":"https:\/\/www.hotelninfa.com\/fr\/"},{"@type":"ListItem","position":2,"name":"AUX ALENTOURS"}]},{"@type":"WebSite","@id":"https:\/\/www.hotelninfa.com\/fr\/#website","url":"https:\/\/www.hotelninfa.com\/fr\/","name":"Green hotel Ninfa","description":"","publisher":{"@id":"https:\/\/www.hotelninfa.com\/fr\/#organization"},"potentialAction":[{"@type":"SearchAction","target":{"@type":"EntryPoint","urlTemplate":"https:\/\/www.hotelninfa.com\/fr\/?s={search_term_string}"},"query-input":{"@type":"PropertyValueSpecification","valueRequired":true,"valueName":"search_term_string"}}],"inLanguage":"fr-FR"},{"@type":"Organization","@id":"https:\/\/www.hotelninfa.com\/fr\/#organization","name":"Green hotel Ninfa","url":"https:\/\/www.hotelninfa.com\/fr\/","logo":{"@type":"ImageObject","inLanguage":"fr-FR","@id":"https:\/\/www.hotelninfa.com\/fr\/#\/schema\/logo\/image\/","url":"https:\/\/www.hotelninfa.com\/wp-content\/uploads\/2019\/11\/HotelNinfa_slider7.jpg","contentUrl":"https:\/\/www.hotelninfa.com\/wp-content\/uploads\/2019\/11\/HotelNinfa_slider7.jpg","width":320,"height":247,"caption":"Green hotel Ninfa"},"image":{"@id":"https:\/\/www.hotelninfa.com\/fr\/#\/schema\/logo\/image\/"}}]}},"_links":{"self":[{"href":"https:\/\/www.hotelninfa.com\/fr\/wp-json\/wp\/v2\/pages\/2943","targetHints":{"allow":["GET"]}}],"collection":[{"href":"https:\/\/www.hotelninfa.com\/fr\/wp-json\/wp\/v2\/pages"}],"about":[{"href":"https:\/\/www.hotelninfa.com\/fr\/wp-json\/wp\/v2\/types\/page"}],"author":[{"embeddable":true,"href":"https:\/\/www.hotelninfa.com\/fr\/wp-json\/wp\/v2\/users\/15"}],"replies":[{"embeddable":true,"href":"https:\/\/www.hotelninfa.com\/fr\/wp-json\/wp\/v2\/comments?post=2943"}],"version-history":[{"count":20,"href":"https:\/\/www.hotelninfa.com\/fr\/wp-json\/wp\/v2\/pages\/2943\/revisions"}],"predecessor-version":[{"id":5309,"href":"https:\/\/www.hotelninfa.com\/fr\/wp-json\/wp\/v2\/pages\/2943\/revisions\/5309"}],"wp:attachment":[{"href":"https:\/\/www.hotelninfa.com\/fr\/wp-json\/wp\/v2\/media?parent=2943"}],"curies":[{"name":"wp","href":"https:\/\/api.w.org\/{rel}","templated":true}]}}