{"id":2964,"date":"2019-10-24T16:50:41","date_gmt":"2019-10-24T14:50:41","guid":{"rendered":"https:\/\/www.hotelninfa.com\/zimmer\/"},"modified":"2023-08-02T09:41:50","modified_gmt":"2023-08-02T07:41:50","slug":"zimmer","status":"publish","type":"page","link":"https:\/\/www.hotelninfa.com\/de\/zimmer\/","title":{"rendered":"Zimmer"},"content":{"rendered":"\t\t<div data-elementor-type=\"wp-post\" data-elementor-id=\"2964\" class=\"elementor elementor-2964 elementor-1866\">\n\t\t\t\t\t\t<section class=\"elementor-section elementor-top-section elementor-element elementor-element-bb6bcfb elementor-section-full_width elementor-section-height-min-height rooms-header elementor-section-height-default elementor-section-items-middle\" data-id=\"bb6bcfb\" data-element_type=\"section\" data-e-type=\"section\" data-settings=\"{&quot;background_background&quot;:&quot;classic&quot;}\">\n\t\t\t\t\t\t\t<div class=\"elementor-background-overlay\"><\/div>\n\t\t\t\t\t\t\t<div class=\"elementor-container elementor-column-gap-default\">\n\t\t\t\t\t<div class=\"elementor-column elementor-col-100 elementor-top-column elementor-element elementor-element-781f003\" data-id=\"781f003\" data-element_type=\"column\" data-e-type=\"column\">\n\t\t\t<div class=\"elementor-widget-wrap elementor-element-populated\">\n\t\t\t\t\t\t<div class=\"elementor-element elementor-element-eec8dc5 elementor-widget elementor-widget-text-editor\" data-id=\"eec8dc5\" data-element_type=\"widget\" data-e-type=\"widget\" data-widget_type=\"text-editor.default\">\n\t\t\t\t<div class=\"elementor-widget-container\">\n\t\t\t\t\t\t\t\t\t<p><br><\/p>\n<h1>ZIMMER<\/h1>\n<p>&nbsp;<\/p>\n<p class=\"custom-width\">Wenn Sie nach einer Unterkunft im Val di Susa suchen<br>Wir bieten den Komfort unserer luxuri\u00f6sen Zimmer und Suiten.<\/p>\t\t\t\t\t\t\t\t<\/div>\n\t\t\t\t<\/div>\n\t\t\t\t\t<\/div>\n\t\t<\/div>\n\t\t\t\t\t<\/div>\n\t\t<\/section>\n\t\t\t\t<section class=\"elementor-section elementor-top-section elementor-element elementor-element-c737dab elementor-section-boxed elementor-section-height-default elementor-section-height-default\" data-id=\"c737dab\" data-element_type=\"section\" data-e-type=\"section\">\n\t\t\t\t\t\t<div class=\"elementor-container elementor-column-gap-default\">\n\t\t\t\t\t<div class=\"elementor-column elementor-col-100 elementor-top-column elementor-element elementor-element-80b78db\" data-id=\"80b78db\" data-element_type=\"column\" data-e-type=\"column\">\n\t\t\t<div class=\"elementor-widget-wrap elementor-element-populated\">\n\t\t\t\t\t\t<div class=\"elementor-element elementor-element-dfea78f rooms-text-intro elementor-widget elementor-widget-text-editor\" data-id=\"dfea78f\" data-element_type=\"widget\" data-e-type=\"widget\" data-widget_type=\"text-editor.default\">\n\t\t\t\t<div class=\"elementor-widget-container\">\n\t\t\t\t\t\t\t\t\t<p style=\"text-align: center;\">In unseren Zimmern und Luxus-Suiten genie\u00dfen Sie maximalen Komfort, Privatsph\u00e4re und Ruhe, nur wenige Schritte von Turin und dem Susatal entfernt. Unabh\u00e4ngig vom Grund Ihrer Reise und der Dauer Ihres Aufenthalts tun wir alles, damit Sie sich wie zu Hause f\u00fchlen.<\/p>\n\t\t\t\t\t\t\t\t<\/div>\n\t\t\t\t<\/div>\n\t\t\t\t\t<\/div>\n\t\t<\/div>\n\t\t\t\t\t<\/div>\n\t\t<\/section>\n\t\t\t\t<section class=\"elementor-section elementor-top-section elementor-element elementor-element-2a0e412 elementor-section-boxed elementor-section-height-default elementor-section-height-default\" data-id=\"2a0e412\" data-element_type=\"section\" data-e-type=\"section\">\n\t\t\t\t\t\t<div class=\"elementor-container elementor-column-gap-default\">\n\t\t\t\t\t<div class=\"elementor-column elementor-col-100 elementor-top-column elementor-element elementor-element-8fefb19\" data-id=\"8fefb19\" data-element_type=\"column\" data-e-type=\"column\">\n\t\t\t<div class=\"elementor-widget-wrap elementor-element-populated\">\n\t\t\t\t\t\t<div class=\"elementor-element elementor-element-de4aa3a chiama-ora-red elementor-widget elementor-widget-text-editor\" data-id=\"de4aa3a\" data-element_type=\"widget\" data-e-type=\"widget\" data-widget_type=\"text-editor.default\">\n\t\t\t\t<div class=\"elementor-widget-container\">\n\t\t\t\t\t\t\t\t\t<h6 style=\"text-align: center;\"><strong>Ruher\u00e4ume ab 35 \u20ac rufen Sie uns an<br \/><br \/><\/strong><\/h6><p style=\"text-align: center;\"><a class=\"btn-book-red\" href=\"tel:\/\/+390119761611\">JETZT ANRUFEN<\/a><\/p>\t\t\t\t\t\t\t\t<\/div>\n\t\t\t\t<\/div>\n\t\t\t\t\t<\/div>\n\t\t<\/div>\n\t\t\t\t\t<\/div>\n\t\t<\/section>\n\t\t\t\t<section class=\"elementor-section elementor-top-section elementor-element elementor-element-bb4066c elementor-section-boxed elementor-section-height-default elementor-section-height-default\" data-id=\"bb4066c\" data-element_type=\"section\" data-e-type=\"section\">\n\t\t\t\t\t\t<div class=\"elementor-container elementor-column-gap-default\">\n\t\t\t\t\t<div class=\"elementor-column elementor-col-100 elementor-top-column elementor-element elementor-element-d41e777\" data-id=\"d41e777\" data-element_type=\"column\" data-e-type=\"column\">\n\t\t\t<div class=\"elementor-widget-wrap elementor-element-populated\">\n\t\t\t\t\t\t<div class=\"elementor-element elementor-element-6b8511d elementor-widget elementor-widget-themo-accommodation-grid\" data-id=\"6b8511d\" data-element_type=\"widget\" data-e-type=\"widget\" data-widget_type=\"themo-accommodation-grid.default\">\n\t\t\t\t<div class=\"elementor-widget-container\">\n\t\t\t\t\t\n                <div id=\"th-portfolio-content-69dcb12856be6\" class=\"th-portfolio\">\n\n            \n            <div id=\"th-portfolio-row\" class=\"th-portfolio-row row portfolio_content  four-columns th-port-gutter\">\n\n                                        <div id=\"post-3502\" class=\"th-portfolio-item item col-md-3 col-sm-6 p-king-whirlpool-tub-suite-de p-suite-de-2 post-3502 mphb_room_type type-mphb_room_type status-publish format-standard has-post-thumbnail hentry mphb_room_type_category-king-whirlpool-tub-suite-de mphb_room_type_category-suite-de-2 mphb-room-type-adults-2 mphb-room-type-children-0 \">\n\n                                                        <div class=\"th-port-wrap\">\n                                                            <img fetchpriority=\"high\" decoding=\"async\" width=\"605\" height=\"497\" src=\"https:\/\/www.hotelninfa.com\/wp-content\/uploads\/2019\/11\/Suite-idromassaggio-605x497.jpg\" class=\"img-responsive th-port-img wp-post-image\" alt=\"\" \/>                                                                <div class=\"th-port-overlay\"><\/div>\n                                <div class=\"th-port-inner\">\n                                                                        <div class=\"th-port-center\">\n                                        <h3 class=\"th-port-title\">King whirlpool tub suite<\/h3>\n                                        <p class=\"th-port-sub th-else\">4 betten<\/p>\n                                        <div class=\"th-pricing-cost\">ab \u20ac130<span>\/nacht<\/span><\/div>\n                                                                            <\/div>\n                                    <a href=\"https:\/\/www.hotelninfa.com\/de\/accommodation\/king-whirlpool-tub-suite\/\" class=\"th-port-link\" ><\/a>                                <\/div>\n                            <\/div>\n                                                    <\/div>\n                                                <div id=\"post-3063\" class=\"th-portfolio-item item col-md-3 col-sm-6 p-suite-de-2 post-3063 mphb_room_type type-mphb_room_type status-publish format-standard has-post-thumbnail hentry mphb_room_type_category-suite-de-2 mphb-room-type-adults-2 mphb-room-type-children-0 \">\n\n                                                        <div class=\"th-port-wrap\">\n                                                            <img decoding=\"async\" width=\"605\" height=\"497\" src=\"https:\/\/www.hotelninfa.com\/wp-content\/uploads\/2019\/10\/Suite-605x497.jpg\" class=\"img-responsive th-port-img wp-post-image\" alt=\"\" \/>                                                                <div class=\"th-port-overlay\"><\/div>\n                                <div class=\"th-port-inner\">\n                                                                        <div class=\"th-port-center\">\n                                        <h3 class=\"th-port-title\">Suite<\/h3>\n                                        <p class=\"th-port-sub th-else\">4 betten<\/p>\n                                        <div class=\"th-pricing-cost\">Ab \u20ac130<span>\/nacht<\/span><\/div>\n                                                                            <\/div>\n                                    <a href=\"https:\/\/www.hotelninfa.com\/de\/accommodation\/suite\/\" class=\"th-port-link\" ><\/a>                                <\/div>\n                            <\/div>\n                                                    <\/div>\n                                                <div id=\"post-3031\" class=\"th-portfolio-item item col-md-3 col-sm-6 p-superior-zimmer-de post-3031 mphb_room_type type-mphb_room_type status-publish format-standard has-post-thumbnail hentry mphb_room_type_category-superior-zimmer-de mphb-room-type-adults-2 mphb-room-type-children-0 \">\n\n                                                        <div class=\"th-port-wrap\">\n                                                            <img decoding=\"async\" width=\"605\" height=\"497\" src=\"https:\/\/www.hotelninfa.com\/wp-content\/uploads\/2019\/10\/Superior-605x497.jpg\" class=\"img-responsive th-port-img wp-post-image\" alt=\"\" \/>                                                                <div class=\"th-port-overlay\"><\/div>\n                                <div class=\"th-port-inner\">\n                                                                        <div class=\"th-port-center\">\n                                        <h3 class=\"th-port-title\">Junior Suite<\/h3>\n                                        <p class=\"th-port-sub th-else\">4 betten<\/p>\n                                        <div class=\"th-pricing-cost\">Ab \u20ac100<span>\/nacht<\/span><\/div>\n                                                                            <\/div>\n                                    <a href=\"https:\/\/www.hotelninfa.com\/de\/accommodation\/superior-zimmer\/\" class=\"th-port-link\" ><\/a>                                <\/div>\n                            <\/div>\n                                                    <\/div>\n                                                <div id=\"post-3021\" class=\"th-portfolio-item item col-md-3 col-sm-6 p-economy-zimmer-de post-3021 mphb_room_type type-mphb_room_type status-publish format-standard has-post-thumbnail hentry mphb_room_type_category-economy-zimmer-de mphb-room-type-adults-2 mphb-room-type-children-0 \">\n\n                                                        <div class=\"th-port-wrap\">\n                                                            <img loading=\"lazy\" decoding=\"async\" width=\"605\" height=\"605\" src=\"https:\/\/www.hotelninfa.com\/wp-content\/uploads\/2019\/10\/Economy-605x605.jpg\" class=\"img-responsive th-port-img wp-post-image\" alt=\"\" \/>                                                                <div class=\"th-port-overlay\"><\/div>\n                                <div class=\"th-port-inner\">\n                                                                        <div class=\"th-port-center\">\n                                        <h3 class=\"th-port-title\">Standard Zimmer<\/h3>\n                                        <p class=\"th-port-sub th-else\">4 betten<\/p>\n                                        <div class=\"th-pricing-cost\">Ab \u20ac80<span>\/nacht<\/span><\/div>\n                                                                            <\/div>\n                                    <a href=\"https:\/\/www.hotelninfa.com\/de\/accommodation\/economy-zimmer\/\" class=\"th-port-link\" ><\/a>                                <\/div>\n                            <\/div>\n                                                    <\/div>\n                                                <div id=\"post-3019\" class=\"th-portfolio-item item col-md-3 col-sm-6 p-standard-zimmer post-3019 mphb_room_type type-mphb_room_type status-publish format-standard has-post-thumbnail hentry mphb_room_type_category-standard-zimmer mphb-room-type-adults-2 mphb-room-type-children-0 \">\n\n                                                        <div class=\"th-port-wrap\">\n                                                            <img loading=\"lazy\" decoding=\"async\" width=\"605\" height=\"605\" src=\"https:\/\/www.hotelninfa.com\/wp-content\/uploads\/2019\/10\/39881934-605x605.jpg\" class=\"img-responsive th-port-img wp-post-image\" alt=\"\" \/>                                                                <div class=\"th-port-overlay\"><\/div>\n                                <div class=\"th-port-inner\">\n                                                                        <div class=\"th-port-center\">\n                                        <h3 class=\"th-port-title\">Superior Zimmer<\/h3>\n                                        <p class=\"th-port-sub th-else\">4 betten<\/p>\n                                        <div class=\"th-pricing-cost\">Ab \u20ac90<span>\/nacht<\/span><\/div>\n                                                                            <\/div>\n                                    <a href=\"https:\/\/www.hotelninfa.com\/de\/accommodation\/standard-zimmer\/\" class=\"th-port-link\" ><\/a>                                <\/div>\n                            <\/div>\n                                                    <\/div>\n                                                <div id=\"post-3533\" class=\"th-portfolio-item item col-md-3 col-sm-6 p-booking-de post-3533 mphb_room_type type-mphb_room_type status-publish format-standard has-post-thumbnail hentry mphb_room_type_category-booking-de mphb-room-type-adults-1 mphb-room-type-children-0 \">\n\n                                                        <div class=\"th-port-wrap\">\n                                                            <img loading=\"lazy\" decoding=\"async\" width=\"360\" height=\"360\" src=\"https:\/\/www.hotelninfa.com\/wp-content\/uploads\/2019\/10\/prenotazione-1.jpg\" class=\"img-responsive th-port-img wp-post-image\" alt=\"background-prenotazioni\" \/>                                                                <div class=\"th-port-overlay\"><\/div>\n                                <div class=\"th-port-inner\">\n                                                                        <div class=\"th-port-center\">\n                                        <h3 class=\"th-port-title\">Zweifel an der Buchung?<\/h3>\n                                        \n                                        \n                                                                                    <span class=\"th-port-btn\">KONTAKTIERE UNS<\/span>\n                                                                            <\/div>\n                                    <a href=\"https:\/\/www.hotelninfa.com\/de\/accommodation\/dubbi-sulla-prenotazione\/\" class=\"th-port-link\" ><\/a>                                <\/div>\n                            <\/div>\n                                                    <\/div>\n                        \n            <\/div>\n\n        <\/div>\n\n        \t\t\t\t<\/div>\n\t\t\t\t<\/div>\n\t\t\t\t\t<\/div>\n\t\t<\/div>\n\t\t\t\t\t<\/div>\n\t\t<\/section>\n\t\t\t\t<\/div>\n\t\t","protected":false},"excerpt":{"rendered":"<p>ZIMMER &nbsp; Wenn Sie nach einer Unterkunft im Val di Susa suchenWir bieten den Komfort unserer luxuri\u00f6sen Zimmer und Suiten.&hellip;<\/p>\n","protected":false},"author":15,"featured_media":0,"parent":0,"menu_order":0,"comment_status":"closed","ping_status":"closed","template":"","meta":{"footnotes":""},"class_list":["post-2964","page","type-page","status-publish","hentry"],"yoast_head":"<!-- This site is optimized with the Yoast SEO plugin v27.3 - https:\/\/yoast.com\/product\/yoast-seo-wordpress\/ -->\n<title>Schlafen im Susatal: Luxuszimmer und Suiten | Hotel Ninfa<\/title>\n<meta name=\"description\" content=\"Um im Val di Susa zu schlafen, w\u00e4hlen Sie den Komfort und die Privatsph\u00e4re unserer luxuri\u00f6sen Zimmer und Suiten und genie\u00dfen Sie einen erholsamen Urlaub.\" \/>\n<meta name=\"robots\" content=\"index, follow, max-snippet:-1, max-image-preview:large, max-video-preview:-1\" \/>\n<link rel=\"canonical\" href=\"https:\/\/www.hotelninfa.com\/de\/zimmer\/\" \/>\n<meta property=\"og:locale\" content=\"de_DE\" \/>\n<meta property=\"og:type\" content=\"article\" \/>\n<meta property=\"og:title\" content=\"Schlafen im Susatal: Luxuszimmer und Suiten | Hotel Ninfa\" \/>\n<meta property=\"og:description\" content=\"Um im Val di Susa zu schlafen, w\u00e4hlen Sie den Komfort und die Privatsph\u00e4re unserer luxuri\u00f6sen Zimmer und Suiten und genie\u00dfen Sie einen erholsamen Urlaub.\" \/>\n<meta property=\"og:url\" content=\"https:\/\/www.hotelninfa.com\/de\/zimmer\/\" \/>\n<meta property=\"og:site_name\" content=\"Green hotel Ninfa\" \/>\n<meta property=\"article:modified_time\" content=\"2023-08-02T07:41:50+00:00\" \/>\n<meta property=\"og:image\" content=\"https:\/\/www.hotelninfa.com\/wp-content\/uploads\/2019\/11\/Suite-idromassaggio-605x497.jpg\" \/>\n<meta name=\"twitter:card\" content=\"summary_large_image\" \/>\n<meta name=\"twitter:label1\" content=\"Gesch\u00e4tzte Lesezeit\" \/>\n\t<meta name=\"twitter:data1\" content=\"2\u00a0Minuten\" \/>\n<script type=\"application\/ld+json\" class=\"yoast-schema-graph\">{\"@context\":\"https:\\\/\\\/schema.org\",\"@graph\":[{\"@type\":\"WebPage\",\"@id\":\"https:\\\/\\\/www.hotelninfa.com\\\/de\\\/zimmer\\\/\",\"url\":\"https:\\\/\\\/www.hotelninfa.com\\\/de\\\/zimmer\\\/\",\"name\":\"Schlafen im Susatal: Luxuszimmer und Suiten | Hotel Ninfa\",\"isPartOf\":{\"@id\":\"https:\\\/\\\/www.hotelninfa.com\\\/de\\\/#website\"},\"primaryImageOfPage\":{\"@id\":\"https:\\\/\\\/www.hotelninfa.com\\\/de\\\/zimmer\\\/#primaryimage\"},\"image\":{\"@id\":\"https:\\\/\\\/www.hotelninfa.com\\\/de\\\/zimmer\\\/#primaryimage\"},\"thumbnailUrl\":\"https:\\\/\\\/www.hotelninfa.com\\\/wp-content\\\/uploads\\\/2019\\\/11\\\/Suite-idromassaggio-605x497.jpg\",\"datePublished\":\"2019-10-24T14:50:41+00:00\",\"dateModified\":\"2023-08-02T07:41:50+00:00\",\"description\":\"Um im Val di Susa zu schlafen, w\u00e4hlen Sie den Komfort und die Privatsph\u00e4re unserer luxuri\u00f6sen Zimmer und Suiten und genie\u00dfen Sie einen erholsamen Urlaub.\",\"breadcrumb\":{\"@id\":\"https:\\\/\\\/www.hotelninfa.com\\\/de\\\/zimmer\\\/#breadcrumb\"},\"inLanguage\":\"de\",\"potentialAction\":[{\"@type\":\"ReadAction\",\"target\":[\"https:\\\/\\\/www.hotelninfa.com\\\/de\\\/zimmer\\\/\"]}]},{\"@type\":\"ImageObject\",\"inLanguage\":\"de\",\"@id\":\"https:\\\/\\\/www.hotelninfa.com\\\/de\\\/zimmer\\\/#primaryimage\",\"url\":\"https:\\\/\\\/www.hotelninfa.com\\\/wp-content\\\/uploads\\\/2019\\\/11\\\/Suite-idromassaggio-605x497.jpg\",\"contentUrl\":\"https:\\\/\\\/www.hotelninfa.com\\\/wp-content\\\/uploads\\\/2019\\\/11\\\/Suite-idromassaggio-605x497.jpg\"},{\"@type\":\"BreadcrumbList\",\"@id\":\"https:\\\/\\\/www.hotelninfa.com\\\/de\\\/zimmer\\\/#breadcrumb\",\"itemListElement\":[{\"@type\":\"ListItem\",\"position\":1,\"name\":\"Home\",\"item\":\"https:\\\/\\\/www.hotelninfa.com\\\/de\\\/home-new-de\\\/\"},{\"@type\":\"ListItem\",\"position\":2,\"name\":\"Zimmer\"}]},{\"@type\":\"WebSite\",\"@id\":\"https:\\\/\\\/www.hotelninfa.com\\\/de\\\/#website\",\"url\":\"https:\\\/\\\/www.hotelninfa.com\\\/de\\\/\",\"name\":\"Green hotel Ninfa\",\"description\":\"\",\"publisher\":{\"@id\":\"https:\\\/\\\/www.hotelninfa.com\\\/de\\\/#organization\"},\"potentialAction\":[{\"@type\":\"SearchAction\",\"target\":{\"@type\":\"EntryPoint\",\"urlTemplate\":\"https:\\\/\\\/www.hotelninfa.com\\\/de\\\/?s={search_term_string}\"},\"query-input\":{\"@type\":\"PropertyValueSpecification\",\"valueRequired\":true,\"valueName\":\"search_term_string\"}}],\"inLanguage\":\"de\"},{\"@type\":\"Organization\",\"@id\":\"https:\\\/\\\/www.hotelninfa.com\\\/de\\\/#organization\",\"name\":\"Green hotel Ninfa\",\"url\":\"https:\\\/\\\/www.hotelninfa.com\\\/de\\\/\",\"logo\":{\"@type\":\"ImageObject\",\"inLanguage\":\"de\",\"@id\":\"https:\\\/\\\/www.hotelninfa.com\\\/de\\\/#\\\/schema\\\/logo\\\/image\\\/\",\"url\":\"https:\\\/\\\/www.hotelninfa.com\\\/wp-content\\\/uploads\\\/2019\\\/11\\\/HotelNinfa_slider7.jpg\",\"contentUrl\":\"https:\\\/\\\/www.hotelninfa.com\\\/wp-content\\\/uploads\\\/2019\\\/11\\\/HotelNinfa_slider7.jpg\",\"width\":320,\"height\":247,\"caption\":\"Green hotel Ninfa\"},\"image\":{\"@id\":\"https:\\\/\\\/www.hotelninfa.com\\\/de\\\/#\\\/schema\\\/logo\\\/image\\\/\"}}]}<\/script>\n<!-- \/ Yoast SEO plugin. -->","yoast_head_json":{"title":"Schlafen im Susatal: Luxuszimmer und Suiten | Hotel Ninfa","description":"Um im Val di Susa zu schlafen, w\u00e4hlen Sie den Komfort und die Privatsph\u00e4re unserer luxuri\u00f6sen Zimmer und Suiten und genie\u00dfen Sie einen erholsamen Urlaub.","robots":{"index":"index","follow":"follow","max-snippet":"max-snippet:-1","max-image-preview":"max-image-preview:large","max-video-preview":"max-video-preview:-1"},"canonical":"https:\/\/www.hotelninfa.com\/de\/zimmer\/","og_locale":"de_DE","og_type":"article","og_title":"Schlafen im Susatal: Luxuszimmer und Suiten | Hotel Ninfa","og_description":"Um im Val di Susa zu schlafen, w\u00e4hlen Sie den Komfort und die Privatsph\u00e4re unserer luxuri\u00f6sen Zimmer und Suiten und genie\u00dfen Sie einen erholsamen Urlaub.","og_url":"https:\/\/www.hotelninfa.com\/de\/zimmer\/","og_site_name":"Green hotel Ninfa","article_modified_time":"2023-08-02T07:41:50+00:00","og_image":[{"url":"https:\/\/www.hotelninfa.com\/wp-content\/uploads\/2019\/11\/Suite-idromassaggio-605x497.jpg","type":"","width":"","height":""}],"twitter_card":"summary_large_image","twitter_misc":{"Gesch\u00e4tzte Lesezeit":"2\u00a0Minuten"},"schema":{"@context":"https:\/\/schema.org","@graph":[{"@type":"WebPage","@id":"https:\/\/www.hotelninfa.com\/de\/zimmer\/","url":"https:\/\/www.hotelninfa.com\/de\/zimmer\/","name":"Schlafen im Susatal: Luxuszimmer und Suiten | Hotel Ninfa","isPartOf":{"@id":"https:\/\/www.hotelninfa.com\/de\/#website"},"primaryImageOfPage":{"@id":"https:\/\/www.hotelninfa.com\/de\/zimmer\/#primaryimage"},"image":{"@id":"https:\/\/www.hotelninfa.com\/de\/zimmer\/#primaryimage"},"thumbnailUrl":"https:\/\/www.hotelninfa.com\/wp-content\/uploads\/2019\/11\/Suite-idromassaggio-605x497.jpg","datePublished":"2019-10-24T14:50:41+00:00","dateModified":"2023-08-02T07:41:50+00:00","description":"Um im Val di Susa zu schlafen, w\u00e4hlen Sie den Komfort und die Privatsph\u00e4re unserer luxuri\u00f6sen Zimmer und Suiten und genie\u00dfen Sie einen erholsamen Urlaub.","breadcrumb":{"@id":"https:\/\/www.hotelninfa.com\/de\/zimmer\/#breadcrumb"},"inLanguage":"de","potentialAction":[{"@type":"ReadAction","target":["https:\/\/www.hotelninfa.com\/de\/zimmer\/"]}]},{"@type":"ImageObject","inLanguage":"de","@id":"https:\/\/www.hotelninfa.com\/de\/zimmer\/#primaryimage","url":"https:\/\/www.hotelninfa.com\/wp-content\/uploads\/2019\/11\/Suite-idromassaggio-605x497.jpg","contentUrl":"https:\/\/www.hotelninfa.com\/wp-content\/uploads\/2019\/11\/Suite-idromassaggio-605x497.jpg"},{"@type":"BreadcrumbList","@id":"https:\/\/www.hotelninfa.com\/de\/zimmer\/#breadcrumb","itemListElement":[{"@type":"ListItem","position":1,"name":"Home","item":"https:\/\/www.hotelninfa.com\/de\/home-new-de\/"},{"@type":"ListItem","position":2,"name":"Zimmer"}]},{"@type":"WebSite","@id":"https:\/\/www.hotelninfa.com\/de\/#website","url":"https:\/\/www.hotelninfa.com\/de\/","name":"Green hotel Ninfa","description":"","publisher":{"@id":"https:\/\/www.hotelninfa.com\/de\/#organization"},"potentialAction":[{"@type":"SearchAction","target":{"@type":"EntryPoint","urlTemplate":"https:\/\/www.hotelninfa.com\/de\/?s={search_term_string}"},"query-input":{"@type":"PropertyValueSpecification","valueRequired":true,"valueName":"search_term_string"}}],"inLanguage":"de"},{"@type":"Organization","@id":"https:\/\/www.hotelninfa.com\/de\/#organization","name":"Green hotel Ninfa","url":"https:\/\/www.hotelninfa.com\/de\/","logo":{"@type":"ImageObject","inLanguage":"de","@id":"https:\/\/www.hotelninfa.com\/de\/#\/schema\/logo\/image\/","url":"https:\/\/www.hotelninfa.com\/wp-content\/uploads\/2019\/11\/HotelNinfa_slider7.jpg","contentUrl":"https:\/\/www.hotelninfa.com\/wp-content\/uploads\/2019\/11\/HotelNinfa_slider7.jpg","width":320,"height":247,"caption":"Green hotel Ninfa"},"image":{"@id":"https:\/\/www.hotelninfa.com\/de\/#\/schema\/logo\/image\/"}}]}},"_links":{"self":[{"href":"https:\/\/www.hotelninfa.com\/de\/wp-json\/wp\/v2\/pages\/2964","targetHints":{"allow":["GET"]}}],"collection":[{"href":"https:\/\/www.hotelninfa.com\/de\/wp-json\/wp\/v2\/pages"}],"about":[{"href":"https:\/\/www.hotelninfa.com\/de\/wp-json\/wp\/v2\/types\/page"}],"author":[{"embeddable":true,"href":"https:\/\/www.hotelninfa.com\/de\/wp-json\/wp\/v2\/users\/15"}],"replies":[{"embeddable":true,"href":"https:\/\/www.hotelninfa.com\/de\/wp-json\/wp\/v2\/comments?post=2964"}],"version-history":[{"count":22,"href":"https:\/\/www.hotelninfa.com\/de\/wp-json\/wp\/v2\/pages\/2964\/revisions"}],"predecessor-version":[{"id":5256,"href":"https:\/\/www.hotelninfa.com\/de\/wp-json\/wp\/v2\/pages\/2964\/revisions\/5256"}],"wp:attachment":[{"href":"https:\/\/www.hotelninfa.com\/de\/wp-json\/wp\/v2\/media?parent=2964"}],"curies":[{"name":"wp","href":"https:\/\/api.w.org\/{rel}","templated":true}]}}